{"id":1536,"date":"2024-01-19T22:54:46","date_gmt":"2024-01-19T22:54:46","guid":{"rendered":"https:\/\/velisltd.com\/?page_id=1536"},"modified":"2026-03-24T15:30:45","modified_gmt":"2026-03-24T13:30:45","slug":"trapez-sac","status":"publish","type":"page","link":"https:\/\/velisltd.com\/en\/trapez-sac\/","title":{"rendered":"Trapezoidal Sheet"},"content":{"rendered":"<div data-elementor-type=\"wp-page\" data-elementor-id=\"1536\" class=\"elementor elementor-1536\">\n\t\t\t\t\t\t\t<div class=\"elementor-element elementor-element-794b485 e-flex e-con-boxed e-con e-parent\" data-id=\"794b485\" data-element_type=\"container\" data-settings=\"{&quot;content_width&quot;:&quot;boxed&quot;}\" data-core-v316-plus=\"true\">\n\t\t\t\t\t<div class=\"e-con-inner\">\n\t\t<div class=\"elementor-element elementor-element-a7bb6cb e-flex e-con-boxed e-con e-child\" data-id=\"a7bb6cb\" data-element_type=\"container\" data-settings=\"{&quot;content_width&quot;:&quot;boxed&quot;}\">\n\t\t\t\t\t<div class=\"e-con-inner\">\n\t\t<div class=\"elementor-element elementor-element-427d405 e-con-full e-flex e-con e-child\" data-id=\"427d405\" data-element_type=\"container\" data-settings=\"{&quot;content_width&quot;:&quot;full&quot;}\">\n\t\t<div class=\"elementor-element elementor-element-f6ded22 e-flex e-con-boxed e-con e-child\" data-id=\"f6ded22\" data-element_type=\"container\" data-settings=\"{&quot;content_width&quot;:&quot;boxed&quot;}\">\n\t\t\t\t\t<div class=\"e-con-inner\">\n\t\t<div class=\"elementor-element elementor-element-5eb4df7 e-con-full e-transform e-flex e-con e-child\" data-id=\"5eb4df7\" data-element_type=\"container\" data-settings=\"{&quot;content_width&quot;:&quot;full&quot;,&quot;background_background&quot;:&quot;classic&quot;,&quot;_transform_scale_effect_hover&quot;:{&quot;unit&quot;:&quot;px&quot;,&quot;size&quot;:1.05,&quot;sizes&quot;:[]},&quot;_transform_scale_effect_hover_tablet&quot;:{&quot;unit&quot;:&quot;px&quot;,&quot;size&quot;:&quot;&quot;,&quot;sizes&quot;:[]},&quot;_transform_scale_effect_hover_mobile&quot;:{&quot;unit&quot;:&quot;px&quot;,&quot;size&quot;:&quot;&quot;,&quot;sizes&quot;:[]}}\">\n\t\t\t\t<div class=\"elementor-element elementor-element-6eae85c elementor-position-top elementor-widget elementor-widget-image-box\" data-id=\"6eae85c\" data-element_type=\"widget\" data-widget_type=\"image-box.default\">\n\t\t\t\t<div class=\"elementor-widget-container\">\n\t\t\t<style>\/*! elementor - v3.17.0 - 08-11-2023 *\/\n.elementor-widget-image-box .elementor-image-box-content{width:100%}@media (min-width:768px){.elementor-widget-image-box.elementor-position-left .elementor-image-box-wrapper,.elementor-widget-image-box.elementor-position-right .elementor-image-box-wrapper{display:flex}.elementor-widget-image-box.elementor-position-right .elementor-image-box-wrapper{text-align:right;flex-direction:row-reverse}.elementor-widget-image-box.elementor-position-left .elementor-image-box-wrapper{text-align:left;flex-direction:row}.elementor-widget-image-box.elementor-position-top .elementor-image-box-img{margin:auto}.elementor-widget-image-box.elementor-vertical-align-top .elementor-image-box-wrapper{align-items:flex-start}.elementor-widget-image-box.elementor-vertical-align-middle .elementor-image-box-wrapper{align-items:center}.elementor-widget-image-box.elementor-vertical-align-bottom .elementor-image-box-wrapper{align-items:flex-end}}@media (max-width:767px){.elementor-widget-image-box .elementor-image-box-img{margin-left:auto!important;margin-right:auto!important;margin-bottom:15px}}.elementor-widget-image-box .elementor-image-box-img{display:inline-block}.elementor-widget-image-box .elementor-image-box-title a{color:inherit}.elementor-widget-image-box .elementor-image-box-wrapper{text-align:center}.elementor-widget-image-box .elementor-image-box-description{margin:0}<\/style><div class=\"elementor-image-box-wrapper\"><figure class=\"elementor-image-box-img\"><a href=\"#\" tabindex=\"-1\"><img decoding=\"async\" width=\"150\" height=\"150\" src=\"https:\/\/velisltd.com\/wp-content\/uploads\/2024\/03\/galvaniz-trapez-sac-3-150x150.jpg\" class=\"attachment-thumbnail size-thumbnail wp-image-2840\" alt=\"Galvaniz Trapez Sac\" srcset=\"\" sizes=\"(max-width: 150px) 100vw, 150px\" title=\"\" data-srcset=\"\"><\/a><\/figure><\/div>\t\t<\/div>\n\t\t\t\t<\/div>\n\t\t\t\t<div class=\"elementor-element elementor-element-a1eba76 elementor-widget elementor-widget-heading\" data-id=\"a1eba76\" data-element_type=\"widget\" data-widget_type=\"heading.default\">\n\t\t\t\t<div class=\"elementor-widget-container\">\n\t\t\t<style>\/*! elementor - v3.17.0 - 08-11-2023 *\/\n.elementor-heading-title{padding:0;margin:0;line-height:1}.elementor-widget-heading .elementor-heading-title[class*=elementor-size-]>a{color:inherit;font-size:inherit;line-height:inherit}.elementor-widget-heading .elementor-heading-title.elementor-size-small{font-size:15px}.elementor-widget-heading .elementor-heading-title.elementor-size-medium{font-size:19px}.elementor-widget-heading .elementor-heading-title.elementor-size-large{font-size:29px}.elementor-widget-heading .elementor-heading-title.elementor-size-xl{font-size:39px}.elementor-widget-heading .elementor-heading-title.elementor-size-xxl{font-size:59px}<\/style><h3 class=\"elementor-heading-title elementor-size-default\"><a href=\"#\">Galvanized Trapezoidal Sheet<\/a><\/h3>\t\t<\/div>\n\t\t\t\t<\/div>\n\t\t\t\t<\/div>\n\t\t<div class=\"elementor-element elementor-element-38762f7 e-con-full e-transform e-flex e-con e-child\" data-id=\"38762f7\" data-element_type=\"container\" data-settings=\"{&quot;content_width&quot;:&quot;full&quot;,&quot;background_background&quot;:&quot;classic&quot;,&quot;_transform_scale_effect_hover&quot;:{&quot;unit&quot;:&quot;px&quot;,&quot;size&quot;:1.05,&quot;sizes&quot;:[]},&quot;_transform_scale_effect_hover_tablet&quot;:{&quot;unit&quot;:&quot;px&quot;,&quot;size&quot;:&quot;&quot;,&quot;sizes&quot;:[]},&quot;_transform_scale_effect_hover_mobile&quot;:{&quot;unit&quot;:&quot;px&quot;,&quot;size&quot;:&quot;&quot;,&quot;sizes&quot;:[]}}\">\n\t\t\t\t<div class=\"elementor-element elementor-element-6b40219 elementor-position-top elementor-widget elementor-widget-image-box\" data-id=\"6b40219\" data-element_type=\"widget\" data-widget_type=\"image-box.default\">\n\t\t\t\t<div class=\"elementor-widget-container\">\n\t\t\t<div class=\"elementor-image-box-wrapper\"><figure class=\"elementor-image-box-img\"><a href=\"#\" tabindex=\"-1\"><img decoding=\"async\" width=\"150\" height=\"150\" src=\"https:\/\/velisltd.com\/wp-content\/uploads\/2024\/03\/kirmizi-trapez-2-150x150.jpg\" class=\"attachment-thumbnail size-thumbnail wp-image-2833\" alt=\"Boyal\u0131 Trapez Sac\" srcset=\"\" sizes=\"(max-width: 150px) 100vw, 150px\" title=\"\" data-srcset=\"\"><\/a><\/figure><\/div>\t\t<\/div>\n\t\t\t\t<\/div>\n\t\t\t\t<div class=\"elementor-element elementor-element-22befc9 elementor-widget elementor-widget-heading\" data-id=\"22befc9\" data-element_type=\"widget\" data-widget_type=\"heading.default\">\n\t\t\t\t<div class=\"elementor-widget-container\">\n\t\t\t<h3 class=\"elementor-heading-title elementor-size-default\"><a href=\"#\">Painted Trapezoidal Sheet<\/a><\/h3>\t\t<\/div>\n\t\t\t\t<\/div>\n\t\t\t\t<\/div>\n\t\t<div class=\"elementor-element elementor-element-7dee650 e-con-full e-transform e-flex e-con e-child\" data-id=\"7dee650\" data-element_type=\"container\" data-settings=\"{&quot;content_width&quot;:&quot;full&quot;,&quot;background_background&quot;:&quot;classic&quot;,&quot;_transform_scale_effect_hover&quot;:{&quot;unit&quot;:&quot;px&quot;,&quot;size&quot;:1.05,&quot;sizes&quot;:[]},&quot;_transform_scale_effect_hover_tablet&quot;:{&quot;unit&quot;:&quot;px&quot;,&quot;size&quot;:&quot;&quot;,&quot;sizes&quot;:[]},&quot;_transform_scale_effect_hover_mobile&quot;:{&quot;unit&quot;:&quot;px&quot;,&quot;size&quot;:&quot;&quot;,&quot;sizes&quot;:[]}}\">\n\t\t\t\t<div class=\"elementor-element elementor-element-d9df298 elementor-position-top elementor-widget elementor-widget-image-box\" data-id=\"d9df298\" data-element_type=\"widget\" data-widget_type=\"image-box.default\">\n\t\t\t\t<div class=\"elementor-widget-container\">\n\t\t\t<div class=\"elementor-image-box-wrapper\"><figure class=\"elementor-image-box-img\"><a href=\"#\" tabindex=\"-1\"><img decoding=\"async\" width=\"150\" height=\"150\" src=\"https:\/\/velisltd.com\/wp-content\/uploads\/2024\/03\/kiremit-trapez-sac-150x150.jpg\" class=\"attachment-thumbnail size-thumbnail wp-image-2829\" alt=\"Protekiz Kiremit Trapez Sac\" srcset=\"\" sizes=\"(max-width: 150px) 100vw, 150px\" title=\"\" data-srcset=\"\"><\/a><\/figure><\/div>\t\t<\/div>\n\t\t\t\t<\/div>\n\t\t\t\t<div class=\"elementor-element elementor-element-14f594f elementor-widget elementor-widget-heading\" data-id=\"14f594f\" data-element_type=\"widget\" data-widget_type=\"heading.default\">\n\t\t\t\t<div class=\"elementor-widget-container\">\n\t\t\t<h3 class=\"elementor-heading-title elementor-size-default\"><a href=\"#\">Portuguese Tile<\/a><\/h3>\t\t<\/div>\n\t\t\t\t<\/div>\n\t\t\t\t<\/div>\n\t\t<div class=\"elementor-element elementor-element-4726e17 e-con-full e-transform e-flex e-con e-child\" data-id=\"4726e17\" data-element_type=\"container\" data-settings=\"{&quot;content_width&quot;:&quot;full&quot;,&quot;background_background&quot;:&quot;classic&quot;,&quot;_transform_scale_effect_hover&quot;:{&quot;unit&quot;:&quot;px&quot;,&quot;size&quot;:1.05,&quot;sizes&quot;:[]},&quot;_transform_scale_effect_hover_tablet&quot;:{&quot;unit&quot;:&quot;px&quot;,&quot;size&quot;:&quot;&quot;,&quot;sizes&quot;:[]},&quot;_transform_scale_effect_hover_mobile&quot;:{&quot;unit&quot;:&quot;px&quot;,&quot;size&quot;:&quot;&quot;,&quot;sizes&quot;:[]}}\">\n\t\t\t\t<div class=\"elementor-element elementor-element-e3c1d79 elementor-position-top elementor-widget elementor-widget-image-box\" data-id=\"e3c1d79\" data-element_type=\"widget\" data-widget_type=\"image-box.default\">\n\t\t\t\t<div class=\"elementor-widget-container\">\n\t\t\t<div class=\"elementor-image-box-wrapper\"><figure class=\"elementor-image-box-img\"><a href=\"#\" tabindex=\"-1\"><img loading=\"lazy\" decoding=\"async\" width=\"150\" height=\"150\" src=\"https:\/\/velisltd.com\/wp-content\/uploads\/2024\/01\/trapez-sac-12-150x150.jpg\" class=\"attachment-thumbnail size-thumbnail wp-image-1546\" alt=\"Klasik Kramit Trapez Sac\" srcset=\"\" sizes=\"(max-width: 150px) 100vw, 150px\" title=\"\" data-srcset=\"\"><\/a><\/figure><\/div>\t\t<\/div>\n\t\t\t\t<\/div>\n\t\t\t\t<div class=\"elementor-element elementor-element-a872608 elementor-widget elementor-widget-heading\" data-id=\"a872608\" data-element_type=\"widget\" data-widget_type=\"heading.default\">\n\t\t\t\t<div class=\"elementor-widget-container\">\n\t\t\t<h3 class=\"elementor-heading-title elementor-size-default\"><a href=\"#\">Classic Tile<\/a><\/h3>\t\t<\/div>\n\t\t\t\t<\/div>\n\t\t\t\t<\/div>\n\t\t\t\t\t<\/div>\n\t\t\t\t<\/div>\n\t\t\t\t<\/div>\n\t\t\t\t\t<\/div>\n\t\t\t\t<\/div>\n\t\t\t\t\t<\/div>\n\t\t\t\t<\/div>\n\t\t<div class=\"elementor-element elementor-element-1ed10f0 e-flex e-con-boxed e-con e-child\" data-id=\"1ed10f0\" data-element_type=\"container\" data-settings=\"{&quot;content_width&quot;:&quot;boxed&quot;}\">\n\t\t\t\t\t<div class=\"e-con-inner\">\n\t\t<div class=\"elementor-element elementor-element-f3341c0 e-con-full e-flex e-con e-child\" data-id=\"f3341c0\" data-element_type=\"container\" data-settings=\"{&quot;content_width&quot;:&quot;full&quot;}\">\n\t\t\t\t<div class=\"elementor-element elementor-element-2bd9938 elementor-widget elementor-widget-heading\" data-id=\"2bd9938\" data-element_type=\"widget\" data-widget_type=\"heading.default\">\n\t\t\t\t<div class=\"elementor-widget-container\">\n\t\t\t<h2 class=\"elementor-heading-title elementor-size-default\">TRAPEZOIDAL SHEET<\/h2>\t\t<\/div>\n\t\t\t\t<\/div>\n\t\t\t\t<div class=\"elementor-element elementor-element-b00c58d elementor-tabs-view-horizontal elementor-widget elementor-widget-tabs\" data-id=\"b00c58d\" data-element_type=\"widget\" data-widget_type=\"tabs.default\">\n\t\t\t\t<div class=\"elementor-widget-container\">\n\t\t\t<style>\/*! elementor - v3.17.0 - 08-11-2023 *\/\n.elementor-widget-tabs.elementor-tabs-view-vertical .elementor-tabs-wrapper{width:25%;flex-shrink:0}.elementor-widget-tabs.elementor-tabs-view-vertical .elementor-tab-desktop-title.elementor-active{border-right-style:none}.elementor-widget-tabs.elementor-tabs-view-vertical .elementor-tab-desktop-title.elementor-active:after,.elementor-widget-tabs.elementor-tabs-view-vertical .elementor-tab-desktop-title.elementor-active:before{height:999em;width:0;right:0;border-right-style:solid}.elementor-widget-tabs.elementor-tabs-view-vertical .elementor-tab-desktop-title.elementor-active:before{top:0;transform:translateY(-100%)}.elementor-widget-tabs.elementor-tabs-view-vertical .elementor-tab-desktop-title.elementor-active:after{top:100%}.elementor-widget-tabs.elementor-tabs-view-horizontal .elementor-tab-desktop-title{display:table-cell}.elementor-widget-tabs.elementor-tabs-view-horizontal .elementor-tab-desktop-title.elementor-active{border-bottom-style:none}.elementor-widget-tabs.elementor-tabs-view-horizontal .elementor-tab-desktop-title.elementor-active:after,.elementor-widget-tabs.elementor-tabs-view-horizontal .elementor-tab-desktop-title.elementor-active:before{bottom:0;height:0;width:999em;border-bottom-style:solid}.elementor-widget-tabs.elementor-tabs-view-horizontal .elementor-tab-desktop-title.elementor-active:before{right:100%}.elementor-widget-tabs.elementor-tabs-view-horizontal .elementor-tab-desktop-title.elementor-active:after{left:100%}.elementor-widget-tabs .elementor-tab-content,.elementor-widget-tabs .elementor-tab-title,.elementor-widget-tabs .elementor-tab-title:after,.elementor-widget-tabs .elementor-tab-title:before,.elementor-widget-tabs .elementor-tabs-content-wrapper{border:1px #d5d8dc}.elementor-widget-tabs .elementor-tabs{text-align:left}.elementor-widget-tabs .elementor-tabs-wrapper{overflow:hidden}.elementor-widget-tabs .elementor-tab-title{cursor:pointer;outline:var(--focus-outline,none)}.elementor-widget-tabs .elementor-tab-desktop-title{position:relative;padding:20px 25px;font-weight:700;line-height:1;border:solid transparent}.elementor-widget-tabs .elementor-tab-desktop-title.elementor-active{border-color:#d5d8dc}.elementor-widget-tabs .elementor-tab-desktop-title.elementor-active:after,.elementor-widget-tabs .elementor-tab-desktop-title.elementor-active:before{display:block;content:\"\";position:absolute}.elementor-widget-tabs .elementor-tab-desktop-title:focus-visible{border:1px solid #000}.elementor-widget-tabs .elementor-tab-mobile-title{padding:10px;cursor:pointer}.elementor-widget-tabs .elementor-tab-content{padding:20px;display:none}@media (max-width:767px){.elementor-tabs .elementor-tab-content,.elementor-tabs .elementor-tab-title{border-style:solid solid none}.elementor-tabs .elementor-tabs-wrapper{display:none}.elementor-tabs .elementor-tabs-content-wrapper{border-bottom-style:solid}.elementor-tabs .elementor-tab-content{padding:10px}}@media (min-width:768px){.elementor-widget-tabs.elementor-tabs-view-vertical .elementor-tabs{display:flex}.elementor-widget-tabs.elementor-tabs-view-vertical .elementor-tabs-wrapper{flex-direction:column}.elementor-widget-tabs.elementor-tabs-view-vertical .elementor-tabs-content-wrapper{flex-grow:1;border-style:solid solid solid none}.elementor-widget-tabs.elementor-tabs-view-horizontal .elementor-tab-content{border-style:none solid solid}.elementor-widget-tabs.elementor-tabs-alignment-center .elementor-tabs-wrapper,.elementor-widget-tabs.elementor-tabs-alignment-end .elementor-tabs-wrapper,.elementor-widget-tabs.elementor-tabs-alignment-stretch .elementor-tabs-wrapper{display:flex}.elementor-widget-tabs.elementor-tabs-alignment-center .elementor-tabs-wrapper{justify-content:center}.elementor-widget-tabs.elementor-tabs-alignment-end .elementor-tabs-wrapper{justify-content:flex-end}.elementor-widget-tabs.elementor-tabs-alignment-stretch.elementor-tabs-view-horizontal .elementor-tab-title{width:100%}.elementor-widget-tabs.elementor-tabs-alignment-stretch.elementor-tabs-view-vertical .elementor-tab-title{height:100%}.elementor-tabs .elementor-tab-mobile-title{display:none}}<\/style>\t\t<div class=\"elementor-tabs\">\n\t\t\t<div class=\"elementor-tabs-wrapper\" role=\"tablist\" >\n\t\t\t\t\t\t\t\t\t<div id=\"elementor-tab-title-1841\" class=\"elementor-tab-title elementor-tab-desktop-title\" aria-selected=\"true\" data-tab=\"1\" role=\"tab\" tabindex=\"0\" aria-controls=\"elementor-tab-content-1841\" aria-expanded=\"false\">WHAT IS TRAPEZOIDAL SHEET?<\/div>\n\t\t\t\t\t\t\t<\/div>\n\t\t\t<div class=\"elementor-tabs-content-wrapper\" role=\"tablist\" aria-orientation=\"vertical\">\n\t\t\t\t\t\t\t\t\t<div class=\"elementor-tab-title elementor-tab-mobile-title\" aria-selected=\"true\" data-tab=\"1\" role=\"tab\" tabindex=\"0\" aria-controls=\"elementor-tab-content-1841\" aria-expanded=\"false\">WHAT IS TRAPEZOIDAL SHEET?<\/div>\n\t\t\t\t\t<div id=\"elementor-tab-content-1841\" class=\"elementor-tab-content elementor-clearfix\" data-tab=\"1\" role=\"tabpanel\" aria-labelledby=\"elementor-tab-title-1841\" tabindex=\"0\" hidden=\"false\"><p><img loading=\"lazy\" decoding=\"async\" class=\"alignnone size-medium wp-image-2840\" src=\"http:\/\/velisltd.com\/wp-content\/uploads\/2024\/03\/galvaniz-trapez-sac-3-300x187.jpg\" alt=\"\" width=\"300\" height=\"187\" title=\"\" srcset=\"\" sizes=\"(max-width: 300px) 100vw, 300px\" data-srcset=\"\" \/><\/p><p>It is the trapezoidal sheet-formed version of galvanized painted or embossed products. Trapezoidal sheets are a solid, long-lasting, economical, crack-proof, unbreakable, rust-free, lightweight and highly practical roofing material. Since production is carried out according to customer project specifications, we ensure great ease of installation with zero material waste.<br \/><strong>TECHNICAL SPECIFICATIONS<\/strong><br \/>Trapezoidal Gross Width: 90 cm<br \/>Trapezoidal Effective Width: 84 cm<br \/>Trapezoidal Thickness: 0.30\u20130.80 mm<br \/>Trapezoidal Length: As per customer request<\/p><p><strong>STANDARD COLOURS<\/strong><br \/>RAL3009, RAL9002, RAL6013, RAL 3000, RAL6029<\/p><\/div>\n\t\t\t\t\t\t\t<\/div>\n\t\t<\/div>\n\t\t\t\t<\/div>\n\t\t\t\t<\/div>\n\t\t\t\t<div class=\"elementor-element elementor-element-8039263 elementor-tabs-view-horizontal elementor-widget elementor-widget-tabs\" data-id=\"8039263\" data-element_type=\"widget\" data-widget_type=\"tabs.default\">\n\t\t\t\t<div class=\"elementor-widget-container\">\n\t\t\t\t\t<div class=\"elementor-tabs\">\n\t\t\t<div class=\"elementor-tabs-wrapper\" role=\"tablist\" >\n\t\t\t\t\t\t\t\t\t<div id=\"elementor-tab-title-1341\" class=\"elementor-tab-title elementor-tab-desktop-title\" aria-selected=\"true\" data-tab=\"1\" role=\"tab\" tabindex=\"0\" aria-controls=\"elementor-tab-content-1341\" aria-expanded=\"false\">Painted Trapezoidal<\/div>\n\t\t\t\t\t\t\t\t\t<div id=\"elementor-tab-title-1342\" class=\"elementor-tab-title elementor-tab-desktop-title\" aria-selected=\"false\" data-tab=\"2\" role=\"tab\" tabindex=\"-1\" aria-controls=\"elementor-tab-content-1342\" aria-expanded=\"false\">Tile Trapezoidal (Portuguese + Classic)<\/div>\n\t\t\t\t\t\t\t<\/div>\n\t\t\t<div class=\"elementor-tabs-content-wrapper\" role=\"tablist\" aria-orientation=\"vertical\">\n\t\t\t\t\t\t\t\t\t<div class=\"elementor-tab-title elementor-tab-mobile-title\" aria-selected=\"true\" data-tab=\"1\" role=\"tab\" tabindex=\"0\" aria-controls=\"elementor-tab-content-1341\" aria-expanded=\"false\">Painted Trapezoidal<\/div>\n\t\t\t\t\t<div id=\"elementor-tab-content-1341\" class=\"elementor-tab-content elementor-clearfix\" data-tab=\"1\" role=\"tabpanel\" aria-labelledby=\"elementor-tab-title-1341\" tabindex=\"0\" hidden=\"false\"><p><strong> <img loading=\"lazy\" decoding=\"async\" class=\"alignnone size-medium wp-image-2833\" src=\"http:\/\/velisltd.com\/wp-content\/uploads\/2024\/03\/kirmizi-trapez-2-300x187.jpg\" alt=\"\" width=\"300\" height=\"187\" title=\"\" srcset=\"\" sizes=\"(max-width: 300px) 100vw, 300px\" data-srcset=\"\" \/> <img loading=\"lazy\" decoding=\"async\" class=\"alignnone wp-image-1541 size-thumbnail\" src=\"http:\/\/velisltd.com\/wp-content\/uploads\/2024\/01\/trapez-sac-4-150x150.jpg\" alt=\"\" width=\"150\" height=\"150\" title=\"\" srcset=\"\" sizes=\"(max-width: 150px) 100vw, 150px\" data-srcset=\"\" \/> <img loading=\"lazy\" decoding=\"async\" class=\"alignnone wp-image-1547 size-thumbnail\" src=\"http:\/\/velisltd.com\/wp-content\/uploads\/2024\/01\/img222-150x150.jpg\" alt=\"\" width=\"150\" height=\"150\" title=\"\" srcset=\"\" sizes=\"(max-width: 150px) 100vw, 150px\" data-srcset=\"\" \/><\/strong><\/p><\/div>\n\t\t\t\t\t\t\t\t\t<div class=\"elementor-tab-title elementor-tab-mobile-title\" aria-selected=\"false\" data-tab=\"2\" role=\"tab\" tabindex=\"-1\" aria-controls=\"elementor-tab-content-1342\" aria-expanded=\"false\">Tile Trapezoidal (Portuguese + Classic)<\/div>\n\t\t\t\t\t<div id=\"elementor-tab-content-1342\" class=\"elementor-tab-content elementor-clearfix\" data-tab=\"2\" role=\"tabpanel\" aria-labelledby=\"elementor-tab-title-1342\" tabindex=\"0\" hidden=\"hidden\"><p>\u00a0 <img loading=\"lazy\" decoding=\"async\" class=\"wp-image-2829 alignleft\" src=\"http:\/\/velisltd.com\/wp-content\/uploads\/2024\/03\/kiremit-trapez-sac-300x218.jpg\" alt=\"\" width=\"215\" height=\"156\" title=\"\" srcset=\"\" sizes=\"(max-width: 215px) 100vw, 215px\" data-srcset=\"\" \/><img loading=\"lazy\" decoding=\"async\" class=\"alignnone wp-image-1546\" src=\"http:\/\/velisltd.com\/wp-content\/uploads\/2024\/01\/trapez-sac-12-300x200.jpg\" alt=\"\" width=\"234\" height=\"156\" title=\"\" srcset=\"\" sizes=\"(max-width: 234px) 100vw, 234px\" data-srcset=\"\" \/> \u00a0<\/p><\/div>\n\t\t\t\t\t\t\t<\/div>\n\t\t<\/div>\n\t\t\t\t<\/div>\n\t\t\t\t<\/div>\n\t\t\t\t<\/div>\n\t\t<div class=\"elementor-element elementor-element-6ecc2eb e-con-full e-flex e-con e-child\" data-id=\"6ecc2eb\" data-element_type=\"container\" data-settings=\"{&quot;content_width&quot;:&quot;full&quot;}\">\n\t\t\t\t<div class=\"elementor-element elementor-element-f2a7283 elementor-widget elementor-widget-sidebar\" data-id=\"f2a7283\" data-element_type=\"widget\" data-widget_type=\"sidebar.default\">\n\t\t\t\t<div class=\"elementor-widget-container\">\n\t\t\t<div id=\"nav_menu-2\" class=\"service-widget sidebar-widget widget_nav_menu\"><h4 class=\"ltn__widget-title\">OUR PRODUCTS<\/h4><div class=\"menu-urunler-container\"><ul id=\"menu-urunler\" class=\"menu\"><li id=\"menu-item-1878\" class=\"menu-item menu-item-type-post_type menu-item-object-page menu-item-1878\"><a href=\"https:\/\/velisltd.com\/en\/sandvic-panel\/\">Sandwich Panel<\/a><\/li>\n<li id=\"menu-item-1875\" class=\"menu-item menu-item-type-post_type menu-item-object-page menu-item-1875\"><a href=\"https:\/\/velisltd.com\/en\/konteyner\/\">Container<\/a><\/li>\n<li id=\"menu-item-1879\" class=\"menu-item menu-item-type-post_type menu-item-object-page menu-item-1879\"><a href=\"https:\/\/velisltd.com\/en\/boru-profil\/\">Pipe &amp; Profile<\/a><\/li>\n<li id=\"menu-item-1877\" class=\"menu-item menu-item-type-post_type menu-item-object-page menu-item-1877\"><a href=\"https:\/\/velisltd.com\/en\/trapez-sac\/\">Trapezoidal Sheet<\/a><\/li>\n<li id=\"menu-item-1872\" class=\"menu-item menu-item-type-post_type menu-item-object-page menu-item-1872\"><a href=\"https:\/\/velisltd.com\/en\/eps-kopuk\/\">EPS Foam<\/a><\/li>\n<li id=\"menu-item-1873\" class=\"menu-item menu-item-type-post_type menu-item-object-page menu-item-1873\"><a href=\"https:\/\/velisltd.com\/en\/sove-dekorasyon\/\">Molding &amp; Decoration<\/a><\/li>\n<li id=\"menu-item-1869\" class=\"menu-item menu-item-type-post_type menu-item-object-page menu-item-1869\"><a href=\"https:\/\/velisltd.com\/en\/sarmal-kapi\/\">Rolling Door<\/a><\/li>\n<li id=\"menu-item-1876\" class=\"menu-item menu-item-type-post_type menu-item-object-page menu-item-1876\"><a href=\"https:\/\/velisltd.com\/en\/duz-levha-sac\/\">Flat Sheet Metal<\/a><\/li>\n<li id=\"menu-item-1874\" class=\"menu-item menu-item-type-post_type menu-item-object-page menu-item-1874\"><a href=\"https:\/\/velisltd.com\/en\/c-profili\/\">C \u2013 Profile<\/a><\/li>\n<li id=\"menu-item-1870\" class=\"menu-item menu-item-type-post_type menu-item-object-page menu-item-1870\"><a href=\"https:\/\/velisltd.com\/en\/celik-lento\/\">Steel Lintel<\/a><\/li>\n<li id=\"menu-item-1871\" class=\"menu-item menu-item-type-post_type menu-item-object-page menu-item-1871\"><a href=\"https:\/\/velisltd.com\/en\/metal-siding\/\">Metal Siding<\/a><\/li>\n<\/ul><\/div><\/div>\t\t<\/div>\n\t\t\t\t<\/div>\n\t\t\t\t<\/div>\n\t\t\t\t\t<\/div>\n\t\t\t\t<\/div>\n\t\t\t\t\t\t\t<\/div>","protected":false},"excerpt":{"rendered":"<p>Galvaniz Trapez Sac Boyal\u0131 Trapez Sac Portekiz Kiremit Klasik Kiremit TRAPEZ SA\u00c7 TRAPEZ SA\u00c7 NED\u0130R? TRAPEZ SA\u00c7 NED\u0130R? Galvanizli boyal\u0131 ya da gofrajl\u0131 \u00fcr\u00fcnlerin trapez levha olarak formlanm\u0131\u015f halidir.Trapez saclar sa\u011flam, uzun \u00f6m\u00fcrl\u00fc, ekonomik, \u00e7atlamaz, k\u0131r\u0131lmaz, paslanmaz, hafif, \u00e7ok pratik bir \u00e7at\u0131 \u00f6rt\u00fcs\u00fcd\u00fcr. M\u00fc\u015fterinin projelerine g\u00f6re \u00fcretim yap\u0131ld\u0131\u011f\u0131ndan dolay\u0131 fire vermeksizin montajda b\u00fcy\u00fck kolayl\u0131k sa\u011flamaktay\u0131z.TEKN\u0130K [&hellip;]<\/p>","protected":false},"author":3,"featured_media":0,"parent":0,"menu_order":0,"comment_status":"closed","ping_status":"closed","template":"tpl-default-elementor.php","meta":{"footnotes":""},"_links":{"self":[{"href":"https:\/\/velisltd.com\/en\/wp-json\/wp\/v2\/pages\/1536"}],"collection":[{"href":"https:\/\/velisltd.com\/en\/wp-json\/wp\/v2\/pages"}],"about":[{"href":"https:\/\/velisltd.com\/en\/wp-json\/wp\/v2\/types\/page"}],"author":[{"embeddable":true,"href":"https:\/\/velisltd.com\/en\/wp-json\/wp\/v2\/users\/3"}],"replies":[{"embeddable":true,"href":"https:\/\/velisltd.com\/en\/wp-json\/wp\/v2\/comments?post=1536"}],"version-history":[{"count":93,"href":"https:\/\/velisltd.com\/en\/wp-json\/wp\/v2\/pages\/1536\/revisions"}],"predecessor-version":[{"id":2978,"href":"https:\/\/velisltd.com\/en\/wp-json\/wp\/v2\/pages\/1536\/revisions\/2978"}],"wp:attachment":[{"href":"https:\/\/velisltd.com\/en\/wp-json\/wp\/v2\/media?parent=1536"}],"curies":[{"name":"wp","href":"https:\/\/api.w.org\/{rel}","templated":true}]}}