{"id":1553,"date":"2024-01-19T23:11:13","date_gmt":"2024-01-19T23:11:13","guid":{"rendered":"https:\/\/velisltd.com\/?page_id=1553"},"modified":"2026-03-24T15:31:39","modified_gmt":"2026-03-24T13:31:39","slug":"duz-levha-sac","status":"publish","type":"page","link":"https:\/\/velisltd.com\/en\/duz-levha-sac\/","title":{"rendered":"Flat Sheet Metal"},"content":{"rendered":"<div data-elementor-type=\"wp-page\" data-elementor-id=\"1553\" class=\"elementor elementor-1553\">\n\t\t\t\t\t\t\t<div class=\"elementor-element elementor-element-b2bd4bd e-flex e-con-boxed e-con e-parent\" data-id=\"b2bd4bd\" data-element_type=\"container\" data-settings=\"{&quot;content_width&quot;:&quot;boxed&quot;}\" data-core-v316-plus=\"true\">\n\t\t\t\t\t<div class=\"e-con-inner\">\n\t\t<div class=\"elementor-element elementor-element-5366245 e-flex e-con-boxed e-con e-child\" data-id=\"5366245\" data-element_type=\"container\" data-settings=\"{&quot;content_width&quot;:&quot;boxed&quot;}\">\n\t\t\t\t\t<div class=\"e-con-inner\">\n\t\t<div class=\"elementor-element elementor-element-6abe411 e-con-full e-flex e-con e-child\" data-id=\"6abe411\" data-element_type=\"container\" data-settings=\"{&quot;content_width&quot;:&quot;full&quot;}\">\n\t\t\t\t<div class=\"elementor-element elementor-element-29b6682 elementor-widget elementor-widget-heading\" data-id=\"29b6682\" data-element_type=\"widget\" data-widget_type=\"heading.default\">\n\t\t\t\t<div class=\"elementor-widget-container\">\n\t\t\t<style>\/*! elementor - v3.17.0 - 08-11-2023 *\/\n.elementor-heading-title{padding:0;margin:0;line-height:1}.elementor-widget-heading .elementor-heading-title[class*=elementor-size-]>a{color:inherit;font-size:inherit;line-height:inherit}.elementor-widget-heading .elementor-heading-title.elementor-size-small{font-size:15px}.elementor-widget-heading .elementor-heading-title.elementor-size-medium{font-size:19px}.elementor-widget-heading .elementor-heading-title.elementor-size-large{font-size:29px}.elementor-widget-heading .elementor-heading-title.elementor-size-xl{font-size:39px}.elementor-widget-heading .elementor-heading-title.elementor-size-xxl{font-size:59px}<\/style><h2 class=\"elementor-heading-title elementor-size-default\">FLAT SHEET METAL<\/h2>\t\t<\/div>\n\t\t\t\t<\/div>\n\t\t\t\t<div class=\"elementor-element elementor-element-6b39a45 elementor-tabs-view-horizontal elementor-widget elementor-widget-tabs\" data-id=\"6b39a45\" data-element_type=\"widget\" data-widget_type=\"tabs.default\">\n\t\t\t\t<div class=\"elementor-widget-container\">\n\t\t\t<style>\/*! elementor - v3.17.0 - 08-11-2023 *\/\n.elementor-widget-tabs.elementor-tabs-view-vertical .elementor-tabs-wrapper{width:25%;flex-shrink:0}.elementor-widget-tabs.elementor-tabs-view-vertical .elementor-tab-desktop-title.elementor-active{border-right-style:none}.elementor-widget-tabs.elementor-tabs-view-vertical .elementor-tab-desktop-title.elementor-active:after,.elementor-widget-tabs.elementor-tabs-view-vertical .elementor-tab-desktop-title.elementor-active:before{height:999em;width:0;right:0;border-right-style:solid}.elementor-widget-tabs.elementor-tabs-view-vertical .elementor-tab-desktop-title.elementor-active:before{top:0;transform:translateY(-100%)}.elementor-widget-tabs.elementor-tabs-view-vertical .elementor-tab-desktop-title.elementor-active:after{top:100%}.elementor-widget-tabs.elementor-tabs-view-horizontal .elementor-tab-desktop-title{display:table-cell}.elementor-widget-tabs.elementor-tabs-view-horizontal .elementor-tab-desktop-title.elementor-active{border-bottom-style:none}.elementor-widget-tabs.elementor-tabs-view-horizontal .elementor-tab-desktop-title.elementor-active:after,.elementor-widget-tabs.elementor-tabs-view-horizontal .elementor-tab-desktop-title.elementor-active:before{bottom:0;height:0;width:999em;border-bottom-style:solid}.elementor-widget-tabs.elementor-tabs-view-horizontal .elementor-tab-desktop-title.elementor-active:before{right:100%}.elementor-widget-tabs.elementor-tabs-view-horizontal .elementor-tab-desktop-title.elementor-active:after{left:100%}.elementor-widget-tabs .elementor-tab-content,.elementor-widget-tabs .elementor-tab-title,.elementor-widget-tabs .elementor-tab-title:after,.elementor-widget-tabs .elementor-tab-title:before,.elementor-widget-tabs .elementor-tabs-content-wrapper{border:1px #d5d8dc}.elementor-widget-tabs .elementor-tabs{text-align:left}.elementor-widget-tabs .elementor-tabs-wrapper{overflow:hidden}.elementor-widget-tabs .elementor-tab-title{cursor:pointer;outline:var(--focus-outline,none)}.elementor-widget-tabs .elementor-tab-desktop-title{position:relative;padding:20px 25px;font-weight:700;line-height:1;border:solid transparent}.elementor-widget-tabs .elementor-tab-desktop-title.elementor-active{border-color:#d5d8dc}.elementor-widget-tabs .elementor-tab-desktop-title.elementor-active:after,.elementor-widget-tabs .elementor-tab-desktop-title.elementor-active:before{display:block;content:\"\";position:absolute}.elementor-widget-tabs .elementor-tab-desktop-title:focus-visible{border:1px solid #000}.elementor-widget-tabs .elementor-tab-mobile-title{padding:10px;cursor:pointer}.elementor-widget-tabs .elementor-tab-content{padding:20px;display:none}@media (max-width:767px){.elementor-tabs .elementor-tab-content,.elementor-tabs .elementor-tab-title{border-style:solid solid none}.elementor-tabs .elementor-tabs-wrapper{display:none}.elementor-tabs .elementor-tabs-content-wrapper{border-bottom-style:solid}.elementor-tabs .elementor-tab-content{padding:10px}}@media (min-width:768px){.elementor-widget-tabs.elementor-tabs-view-vertical .elementor-tabs{display:flex}.elementor-widget-tabs.elementor-tabs-view-vertical .elementor-tabs-wrapper{flex-direction:column}.elementor-widget-tabs.elementor-tabs-view-vertical .elementor-tabs-content-wrapper{flex-grow:1;border-style:solid solid solid none}.elementor-widget-tabs.elementor-tabs-view-horizontal .elementor-tab-content{border-style:none solid solid}.elementor-widget-tabs.elementor-tabs-alignment-center .elementor-tabs-wrapper,.elementor-widget-tabs.elementor-tabs-alignment-end .elementor-tabs-wrapper,.elementor-widget-tabs.elementor-tabs-alignment-stretch .elementor-tabs-wrapper{display:flex}.elementor-widget-tabs.elementor-tabs-alignment-center .elementor-tabs-wrapper{justify-content:center}.elementor-widget-tabs.elementor-tabs-alignment-end .elementor-tabs-wrapper{justify-content:flex-end}.elementor-widget-tabs.elementor-tabs-alignment-stretch.elementor-tabs-view-horizontal .elementor-tab-title{width:100%}.elementor-widget-tabs.elementor-tabs-alignment-stretch.elementor-tabs-view-vertical .elementor-tab-title{height:100%}.elementor-tabs .elementor-tab-mobile-title{display:none}}<\/style>\t\t<div class=\"elementor-tabs\">\n\t\t\t<div class=\"elementor-tabs-wrapper\" role=\"tablist\" >\n\t\t\t\t\t\t\t\t\t<div id=\"elementor-tab-title-1121\" class=\"elementor-tab-title elementor-tab-desktop-title\" aria-selected=\"true\" data-tab=\"1\" role=\"tab\" tabindex=\"0\" aria-controls=\"elementor-tab-content-1121\" aria-expanded=\"false\">WHAT IS FLAT SHEET METAL?<\/div>\n\t\t\t\t\t\t\t<\/div>\n\t\t\t<div class=\"elementor-tabs-content-wrapper\" role=\"tablist\" aria-orientation=\"vertical\">\n\t\t\t\t\t\t\t\t\t<div class=\"elementor-tab-title elementor-tab-mobile-title\" aria-selected=\"true\" data-tab=\"1\" role=\"tab\" tabindex=\"0\" aria-controls=\"elementor-tab-content-1121\" aria-expanded=\"false\">WHAT IS FLAT SHEET METAL?<\/div>\n\t\t\t\t\t<div id=\"elementor-tab-content-1121\" class=\"elementor-tab-content elementor-clearfix\" data-tab=\"1\" role=\"tabpanel\" aria-labelledby=\"elementor-tab-title-1121\" tabindex=\"0\" hidden=\"false\"><p>\u00a0<\/p><p>\u00a0<\/p><p><img fetchpriority=\"high\" decoding=\"async\" class=\"alignnone size-medium wp-image-1580\" src=\"http:\/\/velisltd.com\/wp-content\/uploads\/2024\/01\/duz-levha-sac-2-300x225.jpg\" alt=\"\" width=\"300\" height=\"225\" title=\"\" srcset=\"\" sizes=\"(max-width: 300px) 100vw, 300px\" data-srcset=\"\" \/><\/p><p><strong>APPLICATION AREAS<\/strong><br \/>Automotive Industry \/ White Goods Industry<br \/>Insulation and Cladding Applications<br \/>HVAC Systems \/ Thermosiphon, Stove and Pipe Manufacturing \/ Water and Fuel Tank Manufacturing \/ Pipe and Profile Manufacturing<br \/>Cable Trunking and Lighting Fixtures<br \/>Cable Industry \/ Packaging Industry<br \/><strong>TECHNICAL SPECIFICATIONS<\/strong><br \/>Sheet Thickness: 0.30 mm\u20133 mm \/ Sheet Width: 50 cm\u2013150 cm \/ Sheet Length: As per customer request \/ Zinc coating: Standard 100 g\/m\u00b2<br \/><strong>WHAT IS GALVANIZING?<\/strong><br \/>Galvanizing is the process of immersing a material into molten zinc for protection or coating purposes. This process, carried out specifically to prevent rusting, is applied to extend the service life of metals used outdoors and in all weather conditions.<\/p><\/div>\n\t\t\t\t\t\t\t<\/div>\n\t\t<\/div>\n\t\t\t\t<\/div>\n\t\t\t\t<\/div>\n\t\t\t\t<div class=\"elementor-element elementor-element-0bdf61b gallery-spacing-custom elementor-widget elementor-widget-image-gallery\" data-id=\"0bdf61b\" data-element_type=\"widget\" data-widget_type=\"image-gallery.default\">\n\t\t\t\t<div class=\"elementor-widget-container\">\n\t\t\t<style>\/*! elementor - v3.17.0 - 08-11-2023 *\/\n.elementor-image-gallery .gallery-item{display:inline-block;text-align:center;vertical-align:top;width:100%;max-width:100%;margin:0 auto}.elementor-image-gallery .gallery-item img{margin:0 auto}.elementor-image-gallery .gallery-item .gallery-caption{margin:0}.elementor-image-gallery figure img{display:block}.elementor-image-gallery figure figcaption{width:100%}.gallery-spacing-custom .elementor-image-gallery .gallery-icon{padding:0}@media (min-width:768px){.elementor-image-gallery .gallery-columns-2 .gallery-item{max-width:50%}.elementor-image-gallery .gallery-columns-3 .gallery-item{max-width:33.33%}.elementor-image-gallery .gallery-columns-4 .gallery-item{max-width:25%}.elementor-image-gallery .gallery-columns-5 .gallery-item{max-width:20%}.elementor-image-gallery .gallery-columns-6 .gallery-item{max-width:16.666%}.elementor-image-gallery .gallery-columns-7 .gallery-item{max-width:14.28%}.elementor-image-gallery .gallery-columns-8 .gallery-item{max-width:12.5%}.elementor-image-gallery .gallery-columns-9 .gallery-item{max-width:11.11%}.elementor-image-gallery .gallery-columns-10 .gallery-item{max-width:10%}}@media (min-width:480px) and (max-width:767px){.elementor-image-gallery .gallery.gallery-columns-2 .gallery-item,.elementor-image-gallery .gallery.gallery-columns-3 .gallery-item,.elementor-image-gallery .gallery.gallery-columns-4 .gallery-item,.elementor-image-gallery .gallery.gallery-columns-5 .gallery-item,.elementor-image-gallery .gallery.gallery-columns-6 .gallery-item,.elementor-image-gallery .gallery.gallery-columns-7 .gallery-item,.elementor-image-gallery .gallery.gallery-columns-8 .gallery-item,.elementor-image-gallery .gallery.gallery-columns-9 .gallery-item,.elementor-image-gallery .gallery.gallery-columns-10 .gallery-item{max-width:50%}}@media (max-width:479px){.elementor-image-gallery .gallery.gallery-columns-2 .gallery-item,.elementor-image-gallery .gallery.gallery-columns-3 .gallery-item,.elementor-image-gallery .gallery.gallery-columns-4 .gallery-item,.elementor-image-gallery .gallery.gallery-columns-5 .gallery-item,.elementor-image-gallery .gallery.gallery-columns-6 .gallery-item,.elementor-image-gallery .gallery.gallery-columns-7 .gallery-item,.elementor-image-gallery .gallery.gallery-columns-8 .gallery-item,.elementor-image-gallery .gallery.gallery-columns-9 .gallery-item,.elementor-image-gallery .gallery.gallery-columns-10 .gallery-item{max-width:100%}}<\/style>\t\t<div class=\"elementor-image-gallery\">\n\t\t\t<div id='gallery-1' class='gallery galleryid-1553 gallery-columns-2 gallery-size-large'><figure class='gallery-item'>\n\t\t\t<div class='gallery-icon landscape'>\n\t\t\t\t<a data-elementor-open-lightbox=\"yes\" data-elementor-lightbox-slideshow=\"0bdf61b\" data-elementor-lightbox-title=\"D\u00fcz Levha Sac\" data-elementor-lightbox-description=\"D\u00fcz Levha Sac\" data-e-action-hash=\"#elementor-action%3Aaction%3Dlightbox%26settings%3DeyJpZCI6MTU4MiwidXJsIjoiaHR0cHM6XC9cL3ZlbGlzbHRkLmNvbVwvd3AtY29udGVudFwvdXBsb2Fkc1wvMjAyNFwvMDFcL2R1ei1sZXZoYS1zYWMtNC5qcGciLCJzbGlkZXNob3ciOiIwYmRmNjFiIn0%3D\" href='https:\/\/velisltd.com\/wp-content\/uploads\/2024\/01\/duz-levha-sac-4.jpg'><img decoding=\"async\" width=\"525\" height=\"370\" src=\"https:\/\/velisltd.com\/wp-content\/uploads\/2024\/01\/duz-levha-sac-4-1024x721.jpg\" class=\"attachment-large size-large\" alt=\"D\u00fcz levha sa\u00e7 detay\" aria-describedby=\"gallery-1-1582\" srcset=\"\" sizes=\"(max-width: 525px) 100vw, 525px\" title=\"\" data-srcset=\"\"><\/a>\n\t\t\t<\/div>\n\t\t\t\t<figcaption class='wp-caption-text gallery-caption' id='gallery-1-1582'>\n\t\t\t\tFlat Sheet Metal\n\t\t\t\t<\/figcaption><\/figure><figure class='gallery-item'>\n\t\t\t<div class='gallery-icon landscape'>\n\t\t\t\t<a data-elementor-open-lightbox=\"yes\" data-elementor-lightbox-slideshow=\"0bdf61b\" data-elementor-lightbox-title=\"D\u00fcz Levha Sac\" data-elementor-lightbox-description=\"D\u00fcz Levha Sac\" data-e-action-hash=\"#elementor-action%3Aaction%3Dlightbox%26settings%3DeyJpZCI6MTU4MSwidXJsIjoiaHR0cHM6XC9cL3ZlbGlzbHRkLmNvbVwvd3AtY29udGVudFwvdXBsb2Fkc1wvMjAyNFwvMDFcL2R1ei1sZXZoYS1zYWMtMy5qcGciLCJzbGlkZXNob3ciOiIwYmRmNjFiIn0%3D\" href='https:\/\/velisltd.com\/wp-content\/uploads\/2024\/01\/duz-levha-sac-3.jpg'><img decoding=\"async\" width=\"525\" height=\"366\" src=\"https:\/\/velisltd.com\/wp-content\/uploads\/2024\/01\/duz-levha-sac-3-1024x713.jpg\" class=\"attachment-large size-large\" alt=\"D\u00fcz levha sa\u00e7 detay\" aria-describedby=\"gallery-1-1581\" srcset=\"\" sizes=\"(max-width: 525px) 100vw, 525px\" title=\"\" data-srcset=\"\"><\/a>\n\t\t\t<\/div>\n\t\t\t\t<figcaption class='wp-caption-text gallery-caption' id='gallery-1-1581'>\n\t\t\t\tFlat Sheet Metal\n\t\t\t\t<\/figcaption><\/figure><figure class='gallery-item'>\n\t\t\t<div class='gallery-icon landscape'>\n\t\t\t\t<a data-elementor-open-lightbox=\"yes\" data-elementor-lightbox-slideshow=\"0bdf61b\" data-elementor-lightbox-title=\"D\u00fcz Levha Sac\" data-elementor-lightbox-description=\"D\u00fcz Levha Sac\" data-e-action-hash=\"#elementor-action%3Aaction%3Dlightbox%26settings%3DeyJpZCI6MTU3OSwidXJsIjoiaHR0cHM6XC9cL3ZlbGlzbHRkLmNvbVwvd3AtY29udGVudFwvdXBsb2Fkc1wvMjAyNFwvMDFcL2R1ei1sZXZoYS1zYWMtMS5qcGciLCJzbGlkZXNob3ciOiIwYmRmNjFiIn0%3D\" href='https:\/\/velisltd.com\/wp-content\/uploads\/2024\/01\/duz-levha-sac-1.jpg'><img loading=\"lazy\" decoding=\"async\" width=\"525\" height=\"308\" src=\"https:\/\/velisltd.com\/wp-content\/uploads\/2024\/01\/duz-levha-sac-1-1024x601.jpg\" class=\"attachment-large size-large\" alt=\"D\u00fcz levha sa\u00e7 1 genel g\u00f6r\u00fcn\u00fcm\" aria-describedby=\"gallery-1-1579\" srcset=\"\" sizes=\"(max-width: 525px) 100vw, 525px\" title=\"\" data-srcset=\"\"><\/a>\n\t\t\t<\/div>\n\t\t\t\t<figcaption class='wp-caption-text gallery-caption' id='gallery-1-1579'>\n\t\t\t\tFlat Sheet Metal\n\t\t\t\t<\/figcaption><\/figure>\n\t\t<\/div>\n\t\t<\/div>\n\t\t\t\t<\/div>\n\t\t\t\t<\/div>\n\t\t\t\t<\/div>\n\t\t<div class=\"elementor-element elementor-element-4d7c762 e-con-full e-flex e-con e-child\" data-id=\"4d7c762\" data-element_type=\"container\" data-settings=\"{&quot;content_width&quot;:&quot;full&quot;}\">\n\t\t\t\t<div class=\"elementor-element elementor-element-29457b4 elementor-widget elementor-widget-sidebar\" data-id=\"29457b4\" data-element_type=\"widget\" data-widget_type=\"sidebar.default\">\n\t\t\t\t<div class=\"elementor-widget-container\">\n\t\t\t<div id=\"nav_menu-2\" class=\"service-widget sidebar-widget widget_nav_menu\"><h4 class=\"ltn__widget-title\">OUR PRODUCTS<\/h4><div class=\"menu-urunler-container\"><ul id=\"menu-urunler\" class=\"menu\"><li id=\"menu-item-1878\" class=\"menu-item menu-item-type-post_type menu-item-object-page menu-item-1878\"><a href=\"https:\/\/velisltd.com\/en\/sandvic-panel\/\">Sandwich Panel<\/a><\/li>\n<li id=\"menu-item-1875\" class=\"menu-item menu-item-type-post_type menu-item-object-page menu-item-1875\"><a href=\"https:\/\/velisltd.com\/en\/konteyner\/\">Container<\/a><\/li>\n<li id=\"menu-item-1879\" class=\"menu-item menu-item-type-post_type menu-item-object-page menu-item-1879\"><a href=\"https:\/\/velisltd.com\/en\/boru-profil\/\">Pipe &amp; Profile<\/a><\/li>\n<li id=\"menu-item-1877\" class=\"menu-item menu-item-type-post_type menu-item-object-page menu-item-1877\"><a href=\"https:\/\/velisltd.com\/en\/trapez-sac\/\">Trapezoidal Sheet<\/a><\/li>\n<li id=\"menu-item-1872\" class=\"menu-item menu-item-type-post_type menu-item-object-page menu-item-1872\"><a href=\"https:\/\/velisltd.com\/en\/eps-kopuk\/\">EPS Foam<\/a><\/li>\n<li id=\"menu-item-1873\" class=\"menu-item menu-item-type-post_type menu-item-object-page menu-item-1873\"><a href=\"https:\/\/velisltd.com\/en\/sove-dekorasyon\/\">Molding &amp; Decoration<\/a><\/li>\n<li id=\"menu-item-1869\" class=\"menu-item menu-item-type-post_type menu-item-object-page menu-item-1869\"><a href=\"https:\/\/velisltd.com\/en\/sarmal-kapi\/\">Rolling Door<\/a><\/li>\n<li id=\"menu-item-1876\" class=\"menu-item menu-item-type-post_type menu-item-object-page menu-item-1876\"><a href=\"https:\/\/velisltd.com\/en\/duz-levha-sac\/\">Flat Sheet Metal<\/a><\/li>\n<li id=\"menu-item-1874\" class=\"menu-item menu-item-type-post_type menu-item-object-page menu-item-1874\"><a href=\"https:\/\/velisltd.com\/en\/c-profili\/\">C \u2013 Profile<\/a><\/li>\n<li id=\"menu-item-1870\" class=\"menu-item menu-item-type-post_type menu-item-object-page menu-item-1870\"><a href=\"https:\/\/velisltd.com\/en\/celik-lento\/\">Steel Lintel<\/a><\/li>\n<li id=\"menu-item-1871\" class=\"menu-item menu-item-type-post_type menu-item-object-page menu-item-1871\"><a href=\"https:\/\/velisltd.com\/en\/metal-siding\/\">Metal Siding<\/a><\/li>\n<\/ul><\/div><\/div>\t\t<\/div>\n\t\t\t\t<\/div>\n\t\t\t\t<\/div>\n\t\t\t\t\t<\/div>\n\t\t\t\t<\/div>\n\t\t\t\t\t<\/div>\n\t\t\t\t<\/div>\n\t\t\t\t\t\t\t<\/div>","protected":false},"excerpt":{"rendered":"<p>D\u00dcZ LEVHA SAC D\u00dcZ LEVHA SAC NED\u0130R? D\u00dcZ LEVHA SAC NED\u0130R? \u00a0 \u00a0 KULLANIM ALANLARIOtomotiv Sanayii Beyaz E\u015fya Sanayi\u0130zolasyon ve Kaplama \u0130\u015flemleriHavaland\u0131rma ve \u0130klimlendirme Tesisleri Termosifon, Soba ve Boru \u00dcretimi Su ve Akaryak\u0131t Depolar\u0131 \u00dcretimi Boru ve Profil \u00dcretimiKablo Kanal\u0131 ve Ayd\u0131nlatma Armat\u00fcrleriKablo Sanayi Ambalaj SanayiiTEKN\u0130K \u00d6ZELL\u0130KLERLevha Kal\u0131nl\u0131\u011f\u0131: 0.30mm-3mm Levha Geni\u015fli\u011fi: 50cm-150cm Levha Uzunlu\u011fu: M\u00fc\u015fteri [&hellip;]<\/p>","protected":false},"author":3,"featured_media":0,"parent":0,"menu_order":0,"comment_status":"closed","ping_status":"closed","template":"tpl-default-elementor.php","meta":{"footnotes":""},"_links":{"self":[{"href":"https:\/\/velisltd.com\/en\/wp-json\/wp\/v2\/pages\/1553"}],"collection":[{"href":"https:\/\/velisltd.com\/en\/wp-json\/wp\/v2\/pages"}],"about":[{"href":"https:\/\/velisltd.com\/en\/wp-json\/wp\/v2\/types\/page"}],"author":[{"embeddable":true,"href":"https:\/\/velisltd.com\/en\/wp-json\/wp\/v2\/users\/3"}],"replies":[{"embeddable":true,"href":"https:\/\/velisltd.com\/en\/wp-json\/wp\/v2\/comments?post=1553"}],"version-history":[{"count":18,"href":"https:\/\/velisltd.com\/en\/wp-json\/wp\/v2\/pages\/1553\/revisions"}],"predecessor-version":[{"id":2013,"href":"https:\/\/velisltd.com\/en\/wp-json\/wp\/v2\/pages\/1553\/revisions\/2013"}],"wp:attachment":[{"href":"https:\/\/velisltd.com\/en\/wp-json\/wp\/v2\/media?parent=1553"}],"curies":[{"name":"wp","href":"https:\/\/api.w.org\/{rel}","templated":true}]}}