{"id":1614,"date":"2024-01-20T00:04:24","date_gmt":"2024-01-20T00:04:24","guid":{"rendered":"https:\/\/velisltd.com\/?page_id=1614"},"modified":"2026-03-24T15:31:07","modified_gmt":"2026-03-24T13:31:07","slug":"eps-kopuk","status":"publish","type":"page","link":"https:\/\/velisltd.com\/en\/eps-kopuk\/","title":{"rendered":"EPS Foam"},"content":{"rendered":"<div data-elementor-type=\"wp-page\" data-elementor-id=\"1614\" class=\"elementor elementor-1614\">\n\t\t\t\t\t\t\t<div class=\"elementor-element elementor-element-c22c4a8 e-flex e-con-boxed e-con e-parent\" data-id=\"c22c4a8\" data-element_type=\"container\" data-settings=\"{&quot;content_width&quot;:&quot;boxed&quot;}\" data-core-v316-plus=\"true\">\n\t\t\t\t\t<div class=\"e-con-inner\">\n\t\t<div class=\"elementor-element elementor-element-981ec93 e-flex e-con-boxed e-con e-child\" data-id=\"981ec93\" data-element_type=\"container\" data-settings=\"{&quot;content_width&quot;:&quot;boxed&quot;}\">\n\t\t\t\t\t<div class=\"e-con-inner\">\n\t\t<div class=\"elementor-element elementor-element-7ce4393 e-con-full e-flex e-con e-child\" data-id=\"7ce4393\" data-element_type=\"container\" data-settings=\"{&quot;content_width&quot;:&quot;full&quot;}\">\n\t\t<div class=\"elementor-element elementor-element-1f373bf e-flex e-con-boxed e-con e-child\" data-id=\"1f373bf\" data-element_type=\"container\" data-settings=\"{&quot;content_width&quot;:&quot;boxed&quot;}\">\n\t\t\t\t\t<div class=\"e-con-inner\">\n\t\t<div class=\"elementor-element elementor-element-404a85c e-con-full e-transform e-flex e-con e-child\" data-id=\"404a85c\" data-element_type=\"container\" data-settings=\"{&quot;content_width&quot;:&quot;full&quot;,&quot;background_background&quot;:&quot;classic&quot;,&quot;_transform_scale_effect_hover&quot;:{&quot;unit&quot;:&quot;px&quot;,&quot;size&quot;:1.05,&quot;sizes&quot;:[]},&quot;_transform_scale_effect_hover_tablet&quot;:{&quot;unit&quot;:&quot;px&quot;,&quot;size&quot;:&quot;&quot;,&quot;sizes&quot;:[]},&quot;_transform_scale_effect_hover_mobile&quot;:{&quot;unit&quot;:&quot;px&quot;,&quot;size&quot;:&quot;&quot;,&quot;sizes&quot;:[]}}\">\n\t\t\t\t<div class=\"elementor-element elementor-element-a8cef65 elementor-position-top elementor-widget elementor-widget-image-box\" data-id=\"a8cef65\" data-element_type=\"widget\" data-widget_type=\"image-box.default\">\n\t\t\t\t<div class=\"elementor-widget-container\">\n\t\t\t<style>\/*! elementor - v3.17.0 - 08-11-2023 *\/\n.elementor-widget-image-box .elementor-image-box-content{width:100%}@media (min-width:768px){.elementor-widget-image-box.elementor-position-left .elementor-image-box-wrapper,.elementor-widget-image-box.elementor-position-right .elementor-image-box-wrapper{display:flex}.elementor-widget-image-box.elementor-position-right .elementor-image-box-wrapper{text-align:right;flex-direction:row-reverse}.elementor-widget-image-box.elementor-position-left .elementor-image-box-wrapper{text-align:left;flex-direction:row}.elementor-widget-image-box.elementor-position-top .elementor-image-box-img{margin:auto}.elementor-widget-image-box.elementor-vertical-align-top .elementor-image-box-wrapper{align-items:flex-start}.elementor-widget-image-box.elementor-vertical-align-middle .elementor-image-box-wrapper{align-items:center}.elementor-widget-image-box.elementor-vertical-align-bottom .elementor-image-box-wrapper{align-items:flex-end}}@media (max-width:767px){.elementor-widget-image-box .elementor-image-box-img{margin-left:auto!important;margin-right:auto!important;margin-bottom:15px}}.elementor-widget-image-box .elementor-image-box-img{display:inline-block}.elementor-widget-image-box .elementor-image-box-title a{color:inherit}.elementor-widget-image-box .elementor-image-box-wrapper{text-align:center}.elementor-widget-image-box .elementor-image-box-description{margin:0}<\/style><div class=\"elementor-image-box-wrapper\"><figure class=\"elementor-image-box-img\"><a href=\"#\" tabindex=\"-1\"><img decoding=\"async\" width=\"150\" height=\"150\" src=\"https:\/\/velisltd.com\/wp-content\/uploads\/2024\/01\/eps-polistiren-1-150x150.jpg\" class=\"attachment-thumbnail size-thumbnail wp-image-1615\" alt=\"EPS polistiren k\u00f6p\u00fck izolasyon\" srcset=\"\" sizes=\"(max-width: 150px) 100vw, 150px\" title=\"\" data-srcset=\"\"><\/a><\/figure><\/div>\t\t<\/div>\n\t\t\t\t<\/div>\n\t\t\t\t<div class=\"elementor-element elementor-element-fab4459 elementor-widget elementor-widget-heading\" data-id=\"fab4459\" data-element_type=\"widget\" data-widget_type=\"heading.default\">\n\t\t\t\t<div class=\"elementor-widget-container\">\n\t\t\t<style>\/*! elementor - v3.17.0 - 08-11-2023 *\/\n.elementor-heading-title{padding:0;margin:0;line-height:1}.elementor-widget-heading .elementor-heading-title[class*=elementor-size-]>a{color:inherit;font-size:inherit;line-height:inherit}.elementor-widget-heading .elementor-heading-title.elementor-size-small{font-size:15px}.elementor-widget-heading .elementor-heading-title.elementor-size-medium{font-size:19px}.elementor-widget-heading .elementor-heading-title.elementor-size-large{font-size:29px}.elementor-widget-heading .elementor-heading-title.elementor-size-xl{font-size:39px}.elementor-widget-heading .elementor-heading-title.elementor-size-xxl{font-size:59px}<\/style><h2 class=\"elementor-heading-title elementor-size-default\"><a href=\"#\">White EPS<\/a><\/h2>\t\t<\/div>\n\t\t\t\t<\/div>\n\t\t\t\t<\/div>\n\t\t<div class=\"elementor-element elementor-element-984de34 e-con-full e-transform e-flex e-con e-child\" data-id=\"984de34\" data-element_type=\"container\" data-settings=\"{&quot;content_width&quot;:&quot;full&quot;,&quot;background_background&quot;:&quot;classic&quot;,&quot;_transform_scale_effect_hover&quot;:{&quot;unit&quot;:&quot;px&quot;,&quot;size&quot;:1.05,&quot;sizes&quot;:[]},&quot;_transform_scale_effect_hover_tablet&quot;:{&quot;unit&quot;:&quot;px&quot;,&quot;size&quot;:&quot;&quot;,&quot;sizes&quot;:[]},&quot;_transform_scale_effect_hover_mobile&quot;:{&quot;unit&quot;:&quot;px&quot;,&quot;size&quot;:&quot;&quot;,&quot;sizes&quot;:[]}}\">\n\t\t\t\t<div class=\"elementor-element elementor-element-ac1f5c0 elementor-position-top elementor-widget elementor-widget-image-box\" data-id=\"ac1f5c0\" data-element_type=\"widget\" data-widget_type=\"image-box.default\">\n\t\t\t\t<div class=\"elementor-widget-container\">\n\t\t\t<div class=\"elementor-image-box-wrapper\"><figure class=\"elementor-image-box-img\"><a href=\"#\" tabindex=\"-1\"><img decoding=\"async\" width=\"150\" height=\"150\" src=\"https:\/\/velisltd.com\/wp-content\/uploads\/2024\/01\/eps-polistiren-7-150x150.jpg\" class=\"attachment-thumbnail size-thumbnail wp-image-1621\" alt=\"EPS polistiren k\u00f6p\u00fck izolasyon\" srcset=\"\" sizes=\"(max-width: 150px) 100vw, 150px\" title=\"\" data-srcset=\"\"><\/a><\/figure><\/div>\t\t<\/div>\n\t\t\t\t<\/div>\n\t\t\t\t<div class=\"elementor-element elementor-element-5bd665a elementor-widget elementor-widget-heading\" data-id=\"5bd665a\" data-element_type=\"widget\" data-widget_type=\"heading.default\">\n\t\t\t\t<div class=\"elementor-widget-container\">\n\t\t\t<h2 class=\"elementor-heading-title elementor-size-default\"><a href=\"#\">Carbon EPS<\/a><\/h2>\t\t<\/div>\n\t\t\t\t<\/div>\n\t\t\t\t<\/div>\n\t\t<div class=\"elementor-element elementor-element-acb233c e-con-full e-transform e-flex e-con e-child\" data-id=\"acb233c\" data-element_type=\"container\" data-settings=\"{&quot;content_width&quot;:&quot;full&quot;,&quot;background_background&quot;:&quot;classic&quot;,&quot;_transform_scale_effect_hover&quot;:{&quot;unit&quot;:&quot;px&quot;,&quot;size&quot;:1.05,&quot;sizes&quot;:[]},&quot;_transform_scale_effect_hover_tablet&quot;:{&quot;unit&quot;:&quot;px&quot;,&quot;size&quot;:&quot;&quot;,&quot;sizes&quot;:[]},&quot;_transform_scale_effect_hover_mobile&quot;:{&quot;unit&quot;:&quot;px&quot;,&quot;size&quot;:&quot;&quot;,&quot;sizes&quot;:[]}}\">\n\t\t\t\t<div class=\"elementor-element elementor-element-4448f15 elementor-position-top elementor-widget elementor-widget-image-box\" data-id=\"4448f15\" data-element_type=\"widget\" data-widget_type=\"image-box.default\">\n\t\t\t\t<div class=\"elementor-widget-container\">\n\t\t\t<div class=\"elementor-image-box-wrapper\"><figure class=\"elementor-image-box-img\"><a href=\"#\" tabindex=\"-1\"><img decoding=\"async\" width=\"150\" height=\"150\" src=\"https:\/\/velisltd.com\/wp-content\/uploads\/2024\/01\/eps-polistiren-5-150x150.jpg\" class=\"attachment-thumbnail size-thumbnail wp-image-1619\" alt=\"EPS polistiren k\u00f6p\u00fck izolasyon\" srcset=\"\" sizes=\"(max-width: 150px) 100vw, 150px\" title=\"\" data-srcset=\"\"><\/a><\/figure><\/div>\t\t<\/div>\n\t\t\t\t<\/div>\n\t\t\t\t<div class=\"elementor-element elementor-element-5f4c035 elementor-widget elementor-widget-heading\" data-id=\"5f4c035\" data-element_type=\"widget\" data-widget_type=\"heading.default\">\n\t\t\t\t<div class=\"elementor-widget-container\">\n\t\t\t<h2 class=\"elementor-heading-title elementor-size-default\"><a href=\"#\">Asmolen (Hollow-Core EPS Block)<\/a><\/h2>\t\t<\/div>\n\t\t\t\t<\/div>\n\t\t\t\t<\/div>\n\t\t\t\t\t<\/div>\n\t\t\t\t<\/div>\n\t\t\t\t<\/div>\n\t\t\t\t\t<\/div>\n\t\t\t\t<\/div>\n\t\t<div class=\"elementor-element elementor-element-e3f1383 e-flex e-con-boxed e-con e-child\" data-id=\"e3f1383\" data-element_type=\"container\" data-settings=\"{&quot;content_width&quot;:&quot;boxed&quot;}\">\n\t\t\t\t\t<div class=\"e-con-inner\">\n\t\t<div class=\"elementor-element elementor-element-6f7ecc9 e-con-full e-flex e-con e-child\" data-id=\"6f7ecc9\" data-element_type=\"container\" data-settings=\"{&quot;content_width&quot;:&quot;full&quot;}\">\n\t\t\t\t<div class=\"elementor-element elementor-element-88b7ac0 elementor-widget elementor-widget-heading\" data-id=\"88b7ac0\" data-element_type=\"widget\" data-widget_type=\"heading.default\">\n\t\t\t\t<div class=\"elementor-widget-container\">\n\t\t\t<h2 class=\"elementor-heading-title elementor-size-default\">EPS<\/h2>\t\t<\/div>\n\t\t\t\t<\/div>\n\t\t\t\t<div class=\"elementor-element elementor-element-fc4e423 elementor-tabs-view-horizontal elementor-widget elementor-widget-tabs\" data-id=\"fc4e423\" data-element_type=\"widget\" data-widget_type=\"tabs.default\">\n\t\t\t\t<div class=\"elementor-widget-container\">\n\t\t\t<style>\/*! elementor - v3.17.0 - 08-11-2023 *\/\n.elementor-widget-tabs.elementor-tabs-view-vertical .elementor-tabs-wrapper{width:25%;flex-shrink:0}.elementor-widget-tabs.elementor-tabs-view-vertical .elementor-tab-desktop-title.elementor-active{border-right-style:none}.elementor-widget-tabs.elementor-tabs-view-vertical .elementor-tab-desktop-title.elementor-active:after,.elementor-widget-tabs.elementor-tabs-view-vertical .elementor-tab-desktop-title.elementor-active:before{height:999em;width:0;right:0;border-right-style:solid}.elementor-widget-tabs.elementor-tabs-view-vertical .elementor-tab-desktop-title.elementor-active:before{top:0;transform:translateY(-100%)}.elementor-widget-tabs.elementor-tabs-view-vertical .elementor-tab-desktop-title.elementor-active:after{top:100%}.elementor-widget-tabs.elementor-tabs-view-horizontal .elementor-tab-desktop-title{display:table-cell}.elementor-widget-tabs.elementor-tabs-view-horizontal .elementor-tab-desktop-title.elementor-active{border-bottom-style:none}.elementor-widget-tabs.elementor-tabs-view-horizontal .elementor-tab-desktop-title.elementor-active:after,.elementor-widget-tabs.elementor-tabs-view-horizontal .elementor-tab-desktop-title.elementor-active:before{bottom:0;height:0;width:999em;border-bottom-style:solid}.elementor-widget-tabs.elementor-tabs-view-horizontal .elementor-tab-desktop-title.elementor-active:before{right:100%}.elementor-widget-tabs.elementor-tabs-view-horizontal .elementor-tab-desktop-title.elementor-active:after{left:100%}.elementor-widget-tabs .elementor-tab-content,.elementor-widget-tabs .elementor-tab-title,.elementor-widget-tabs .elementor-tab-title:after,.elementor-widget-tabs .elementor-tab-title:before,.elementor-widget-tabs .elementor-tabs-content-wrapper{border:1px #d5d8dc}.elementor-widget-tabs .elementor-tabs{text-align:left}.elementor-widget-tabs .elementor-tabs-wrapper{overflow:hidden}.elementor-widget-tabs .elementor-tab-title{cursor:pointer;outline:var(--focus-outline,none)}.elementor-widget-tabs .elementor-tab-desktop-title{position:relative;padding:20px 25px;font-weight:700;line-height:1;border:solid transparent}.elementor-widget-tabs .elementor-tab-desktop-title.elementor-active{border-color:#d5d8dc}.elementor-widget-tabs .elementor-tab-desktop-title.elementor-active:after,.elementor-widget-tabs .elementor-tab-desktop-title.elementor-active:before{display:block;content:\"\";position:absolute}.elementor-widget-tabs .elementor-tab-desktop-title:focus-visible{border:1px solid #000}.elementor-widget-tabs .elementor-tab-mobile-title{padding:10px;cursor:pointer}.elementor-widget-tabs .elementor-tab-content{padding:20px;display:none}@media (max-width:767px){.elementor-tabs .elementor-tab-content,.elementor-tabs .elementor-tab-title{border-style:solid solid none}.elementor-tabs .elementor-tabs-wrapper{display:none}.elementor-tabs .elementor-tabs-content-wrapper{border-bottom-style:solid}.elementor-tabs .elementor-tab-content{padding:10px}}@media (min-width:768px){.elementor-widget-tabs.elementor-tabs-view-vertical .elementor-tabs{display:flex}.elementor-widget-tabs.elementor-tabs-view-vertical .elementor-tabs-wrapper{flex-direction:column}.elementor-widget-tabs.elementor-tabs-view-vertical .elementor-tabs-content-wrapper{flex-grow:1;border-style:solid solid solid none}.elementor-widget-tabs.elementor-tabs-view-horizontal .elementor-tab-content{border-style:none solid solid}.elementor-widget-tabs.elementor-tabs-alignment-center .elementor-tabs-wrapper,.elementor-widget-tabs.elementor-tabs-alignment-end .elementor-tabs-wrapper,.elementor-widget-tabs.elementor-tabs-alignment-stretch .elementor-tabs-wrapper{display:flex}.elementor-widget-tabs.elementor-tabs-alignment-center .elementor-tabs-wrapper{justify-content:center}.elementor-widget-tabs.elementor-tabs-alignment-end .elementor-tabs-wrapper{justify-content:flex-end}.elementor-widget-tabs.elementor-tabs-alignment-stretch.elementor-tabs-view-horizontal .elementor-tab-title{width:100%}.elementor-widget-tabs.elementor-tabs-alignment-stretch.elementor-tabs-view-vertical .elementor-tab-title{height:100%}.elementor-tabs .elementor-tab-mobile-title{display:none}}<\/style>\t\t<div class=\"elementor-tabs\">\n\t\t\t<div class=\"elementor-tabs-wrapper\" role=\"tablist\" >\n\t\t\t\t\t\t\t\t\t<div id=\"elementor-tab-title-2641\" class=\"elementor-tab-title elementor-tab-desktop-title\" aria-selected=\"true\" data-tab=\"1\" role=\"tab\" tabindex=\"0\" aria-controls=\"elementor-tab-content-2641\" aria-expanded=\"false\">WHAT IS EPS?<\/div>\n\t\t\t\t\t\t\t<\/div>\n\t\t\t<div class=\"elementor-tabs-content-wrapper\" role=\"tablist\" aria-orientation=\"vertical\">\n\t\t\t\t\t\t\t\t\t<div class=\"elementor-tab-title elementor-tab-mobile-title\" aria-selected=\"true\" data-tab=\"1\" role=\"tab\" tabindex=\"0\" aria-controls=\"elementor-tab-content-2641\" aria-expanded=\"false\">WHAT IS EPS?<\/div>\n\t\t\t\t\t<div id=\"elementor-tab-content-2641\" class=\"elementor-tab-content elementor-clearfix\" data-tab=\"1\" role=\"tabpanel\" aria-labelledby=\"elementor-tab-title-2641\" tabindex=\"0\" hidden=\"false\"><p>\u00a0<\/p><p><img loading=\"lazy\" decoding=\"async\" class=\"alignnone size-medium wp-image-1615\" src=\"http:\/\/velisltd.com\/wp-content\/uploads\/2024\/01\/eps-polistiren-1-283x300.jpg\" alt=\"\" width=\"283\" height=\"300\" title=\"\" srcset=\"\" sizes=\"(max-width: 283px) 100vw, 283px\" data-srcset=\"\" \/> <img loading=\"lazy\" decoding=\"async\" class=\"alignnone size-medium wp-image-1620\" src=\"http:\/\/velisltd.com\/wp-content\/uploads\/2024\/01\/eps-polistiren-6-300x185.jpg\" alt=\"\" width=\"300\" height=\"185\" title=\"\" srcset=\"\" sizes=\"(max-width: 300px) 100vw, 300px\" data-srcset=\"\" \/><\/p><p>Thermal Styrofoam \u2013 all of our products are manufactured in our Velis LTD facilities in horizontal vacuum blocks using steam pressure. No gases harmful to human health are used during the manufacturing process. When used within standards, it has an unlimited lifespan with no change in its insulation value or physical structure. Thermal Styrofoam is produced using a special block system, manufactured at densities ranging from 10 kg\/m\u00b3 to 30 kg\/m\u00b3, and cut to desired dimensions and thicknesses using a hot-wire cutting system.<\/p><\/div>\n\t\t\t\t\t\t\t<\/div>\n\t\t<\/div>\n\t\t\t\t<\/div>\n\t\t\t\t<\/div>\n\t\t\t\t<div class=\"elementor-element elementor-element-3eea239 elementor-tabs-view-horizontal elementor-widget elementor-widget-tabs\" data-id=\"3eea239\" data-element_type=\"widget\" data-widget_type=\"tabs.default\">\n\t\t\t\t<div class=\"elementor-widget-container\">\n\t\t\t\t\t<div class=\"elementor-tabs\">\n\t\t\t<div class=\"elementor-tabs-wrapper\" role=\"tablist\" >\n\t\t\t\t\t\t\t\t\t<div id=\"elementor-tab-title-6591\" class=\"elementor-tab-title elementor-tab-desktop-title\" aria-selected=\"true\" data-tab=\"1\" role=\"tab\" tabindex=\"0\" aria-controls=\"elementor-tab-content-6591\" aria-expanded=\"false\">EPS Polystyrene<\/div>\n\t\t\t\t\t\t\t\t\t<div id=\"elementor-tab-title-6592\" class=\"elementor-tab-title elementor-tab-desktop-title\" aria-selected=\"false\" data-tab=\"2\" role=\"tab\" tabindex=\"-1\" aria-controls=\"elementor-tab-content-6592\" aria-expanded=\"false\">Carbon EPS<\/div>\n\t\t\t\t\t\t\t<\/div>\n\t\t\t<div class=\"elementor-tabs-content-wrapper\" role=\"tablist\" aria-orientation=\"vertical\">\n\t\t\t\t\t\t\t\t\t<div class=\"elementor-tab-title elementor-tab-mobile-title\" aria-selected=\"true\" data-tab=\"1\" role=\"tab\" tabindex=\"0\" aria-controls=\"elementor-tab-content-6591\" aria-expanded=\"false\">EPS Polystyrene<\/div>\n\t\t\t\t\t<div id=\"elementor-tab-content-6591\" class=\"elementor-tab-content elementor-clearfix\" data-tab=\"1\" role=\"tabpanel\" aria-labelledby=\"elementor-tab-title-6591\" tabindex=\"0\" hidden=\"false\"><p>\u00a0<\/p><p><strong>WHAT IS EPS POLYSTYRENE?<\/strong><br \/>EPS is one of the best, most economical and environmentally friendly insulation materials known, thanks to its superior properties. Expanded Polystyrene boards used in insulation and providing high performance are very lightweight and do not affect the static load of the building. As the density of the boards increases, so does the insulation rate. EPS, produced in various densities, has a wide range of applications owing to its advantages.<br \/><strong>TECHNICAL SPECIFICATIONS<\/strong><br \/>It has an unlimited lifespan. Its thermal conductivity is low and constant \u2014 it does not change with blowing gas or over time.<br \/>Its lightweight nature makes it easy to transport and install. It provides high thermal insulation performance.<br \/>It can be produced in a wide density range, offering different application options.<\/p><p><img loading=\"lazy\" decoding=\"async\" class=\"alignnone wp-image-1616 size-thumbnail\" src=\"http:\/\/velisltd.com\/wp-content\/uploads\/2024\/01\/eps-polistiren-2-150x150.jpg\" alt=\"\" width=\"150\" height=\"150\" title=\"\" srcset=\"\" sizes=\"(max-width: 150px) 100vw, 150px\" data-srcset=\"\" \/>\u00a0 <img loading=\"lazy\" decoding=\"async\" class=\"alignnone wp-image-1619 size-thumbnail\" src=\"http:\/\/velisltd.com\/wp-content\/uploads\/2024\/01\/eps-polistiren-5-150x150.jpg\" alt=\"\" width=\"150\" height=\"150\" title=\"\" srcset=\"\" sizes=\"(max-width: 150px) 100vw, 150px\" data-srcset=\"\" \/>\u00a0 <img loading=\"lazy\" decoding=\"async\" class=\"alignnone wp-image-1618 size-thumbnail\" src=\"http:\/\/velisltd.com\/wp-content\/uploads\/2024\/01\/eps-polistiren-4-150x150.jpg\" alt=\"\" width=\"150\" height=\"150\" title=\"\" srcset=\"\" sizes=\"(max-width: 150px) 100vw, 150px\" data-srcset=\"\" \/>\u00a0 <img loading=\"lazy\" decoding=\"async\" class=\"alignnone wp-image-1617 size-thumbnail\" src=\"http:\/\/velisltd.com\/wp-content\/uploads\/2024\/01\/eps-polistiren-3-150x150.jpg\" alt=\"\" width=\"150\" height=\"150\" title=\"\" srcset=\"\" sizes=\"(max-width: 150px) 100vw, 150px\" data-srcset=\"\" \/>\u00a0<\/p><\/div>\n\t\t\t\t\t\t\t\t\t<div class=\"elementor-tab-title elementor-tab-mobile-title\" aria-selected=\"false\" data-tab=\"2\" role=\"tab\" tabindex=\"-1\" aria-controls=\"elementor-tab-content-6592\" aria-expanded=\"false\">Carbon EPS<\/div>\n\t\t\t\t\t<div id=\"elementor-tab-content-6592\" class=\"elementor-tab-content elementor-clearfix\" data-tab=\"2\" role=\"tabpanel\" aria-labelledby=\"elementor-tab-title-6592\" tabindex=\"0\" hidden=\"hidden\"><p><strong> <img loading=\"lazy\" decoding=\"async\" class=\"alignnone size-medium wp-image-1621\" src=\"http:\/\/velisltd.com\/wp-content\/uploads\/2024\/01\/eps-polistiren-7-300x199.jpg\" alt=\"\" width=\"300\" height=\"199\" title=\"\" srcset=\"\" sizes=\"(max-width: 300px) 100vw, 300px\" data-srcset=\"\" \/><\/strong><\/p><p><strong>WHAT IS CARBON EPS?<\/strong><br \/>Approximately 40% of energy consumption originates from buildings, and energy management applications in buildings are growing year by year in both European countries and Turkey. While the importance of thermal insulation materials increases daily, R&amp;D activities have also accelerated. After extensive research, carbon-based polymers have been developed. Carbon-based polymers are specialty technology products that combine superior thermal conductivity values with environmentally friendly production processes. Their production and consumption are rapidly increasing alongside growing preference. Carbon EPS, thanks to the carbon-based polymer structure and the addition of special infrared reflectors, has significantly reduced the radiation contribution to overall thermal conductivity, delivering 20% higher thermal performance compared to conventional EPS products with a thermal conductivity value of 0.031 W\/m.K.<br \/>The ability of our living spaces to breathe is one of the most important considerations. The insulation material used must not<br \/>impede the breathability of the living environment while insulating the home. Carbon EPS is a breathable thermal insulation material thanks to its vapor-permeable structure. It has up to 5 times higher vapor permeability compared to rigid insulation materials in particular. Carbon EPS carbon-based polymers hold DIN 4102 \u2013 B1 and Euro E class fire ratings. Carbon EPS's new technology offers superior properties for correct insulation.<\/p><p><img loading=\"lazy\" decoding=\"async\" class=\"alignnone size-medium wp-image-2856\" src=\"http:\/\/velisltd.com\/wp-content\/uploads\/2024\/03\/asmolen-kopuk-1-300x225.jpg\" alt=\"\" width=\"300\" height=\"225\" title=\"\" srcset=\"\" sizes=\"(max-width: 300px) 100vw, 300px\" data-srcset=\"\" \/><\/p><\/div>\n\t\t\t\t\t\t\t<\/div>\n\t\t<\/div>\n\t\t\t\t<\/div>\n\t\t\t\t<\/div>\n\t\t\t\t<\/div>\n\t\t<div class=\"elementor-element elementor-element-460ded6 e-con-full e-flex e-con e-child\" data-id=\"460ded6\" data-element_type=\"container\" data-settings=\"{&quot;content_width&quot;:&quot;full&quot;}\">\n\t\t\t\t<div class=\"elementor-element elementor-element-3496996 elementor-widget elementor-widget-sidebar\" data-id=\"3496996\" data-element_type=\"widget\" data-widget_type=\"sidebar.default\">\n\t\t\t\t<div class=\"elementor-widget-container\">\n\t\t\t<div id=\"nav_menu-2\" class=\"service-widget sidebar-widget widget_nav_menu\"><h4 class=\"ltn__widget-title\">OUR PRODUCTS<\/h4><div class=\"menu-urunler-container\"><ul id=\"menu-urunler\" class=\"menu\"><li id=\"menu-item-1878\" class=\"menu-item menu-item-type-post_type menu-item-object-page menu-item-1878\"><a href=\"https:\/\/velisltd.com\/en\/sandvic-panel\/\">Sandwich Panel<\/a><\/li>\n<li id=\"menu-item-1875\" class=\"menu-item menu-item-type-post_type menu-item-object-page menu-item-1875\"><a href=\"https:\/\/velisltd.com\/en\/konteyner\/\">Container<\/a><\/li>\n<li id=\"menu-item-1879\" class=\"menu-item menu-item-type-post_type menu-item-object-page menu-item-1879\"><a href=\"https:\/\/velisltd.com\/en\/boru-profil\/\">Pipe &amp; Profile<\/a><\/li>\n<li id=\"menu-item-1877\" class=\"menu-item menu-item-type-post_type menu-item-object-page menu-item-1877\"><a href=\"https:\/\/velisltd.com\/en\/trapez-sac\/\">Trapezoidal Sheet<\/a><\/li>\n<li id=\"menu-item-1872\" class=\"menu-item menu-item-type-post_type menu-item-object-page menu-item-1872\"><a href=\"https:\/\/velisltd.com\/en\/eps-kopuk\/\">EPS Foam<\/a><\/li>\n<li id=\"menu-item-1873\" class=\"menu-item menu-item-type-post_type menu-item-object-page menu-item-1873\"><a href=\"https:\/\/velisltd.com\/en\/sove-dekorasyon\/\">Molding &amp; Decoration<\/a><\/li>\n<li id=\"menu-item-1869\" class=\"menu-item menu-item-type-post_type menu-item-object-page menu-item-1869\"><a href=\"https:\/\/velisltd.com\/en\/sarmal-kapi\/\">Rolling Door<\/a><\/li>\n<li id=\"menu-item-1876\" class=\"menu-item menu-item-type-post_type menu-item-object-page menu-item-1876\"><a href=\"https:\/\/velisltd.com\/en\/duz-levha-sac\/\">Flat Sheet Metal<\/a><\/li>\n<li id=\"menu-item-1874\" class=\"menu-item menu-item-type-post_type menu-item-object-page menu-item-1874\"><a href=\"https:\/\/velisltd.com\/en\/c-profili\/\">C \u2013 Profile<\/a><\/li>\n<li id=\"menu-item-1870\" class=\"menu-item menu-item-type-post_type menu-item-object-page menu-item-1870\"><a href=\"https:\/\/velisltd.com\/en\/celik-lento\/\">Steel Lintel<\/a><\/li>\n<li id=\"menu-item-1871\" class=\"menu-item menu-item-type-post_type menu-item-object-page menu-item-1871\"><a href=\"https:\/\/velisltd.com\/en\/metal-siding\/\">Metal Siding<\/a><\/li>\n<\/ul><\/div><\/div>\t\t<\/div>\n\t\t\t\t<\/div>\n\t\t\t\t<\/div>\n\t\t\t\t\t<\/div>\n\t\t\t\t<\/div>\n\t\t\t\t\t<\/div>\n\t\t\t\t<\/div>\n\t\t\t\t\t\t\t<\/div>","protected":false},"excerpt":{"rendered":"<p>Beyaz EPS Karbonlu EPS Asmolen EPS EPS NED\u0130R? EPS NED\u0130R? \u00a0 Thermal Strafor, \u00fcr\u00fcnlerimizin tamam\u0131 Velis LTD tesislerimizde, su buhar\u0131 bas\u0131nc\u0131 ile vakumlu yatay bloklar\u0131m\u0131zda \u00fcretilmektedir. \u00dcretim s\u00fcrecinde insan sa\u011fl\u0131\u011f\u0131na zararl\u0131 hi\u00e7bir gaz kullan\u0131lmaz. Standartlar i\u00e7inde kullan\u0131ld\u0131\u011f\u0131nda yal\u0131t\u0131m de\u011ferinde ve fiziki yap\u0131s\u0131nda hi\u00e7bir de\u011fi\u015fiklik olmadan sonsuz \u00f6m\u00fcrl\u00fcd\u00fcr. Thermal Strafor \u00f6zel bloklama sistemi ile \u00fcretilerek, 10kg\/m3 [&hellip;]<\/p>","protected":false},"author":3,"featured_media":0,"parent":0,"menu_order":0,"comment_status":"closed","ping_status":"closed","template":"tpl-default-elementor.php","meta":{"footnotes":""},"_links":{"self":[{"href":"https:\/\/velisltd.com\/en\/wp-json\/wp\/v2\/pages\/1614"}],"collection":[{"href":"https:\/\/velisltd.com\/en\/wp-json\/wp\/v2\/pages"}],"about":[{"href":"https:\/\/velisltd.com\/en\/wp-json\/wp\/v2\/types\/page"}],"author":[{"embeddable":true,"href":"https:\/\/velisltd.com\/en\/wp-json\/wp\/v2\/users\/3"}],"replies":[{"embeddable":true,"href":"https:\/\/velisltd.com\/en\/wp-json\/wp\/v2\/comments?post=1614"}],"version-history":[{"count":40,"href":"https:\/\/velisltd.com\/en\/wp-json\/wp\/v2\/pages\/1614\/revisions"}],"predecessor-version":[{"id":2859,"href":"https:\/\/velisltd.com\/en\/wp-json\/wp\/v2\/pages\/1614\/revisions\/2859"}],"wp:attachment":[{"href":"https:\/\/velisltd.com\/en\/wp-json\/wp\/v2\/media?parent=1614"}],"curies":[{"name":"wp","href":"https:\/\/api.w.org\/{rel}","templated":true}]}}