{"id":1625,"date":"2024-01-20T00:12:36","date_gmt":"2024-01-20T00:12:36","guid":{"rendered":"https:\/\/velisltd.com\/?page_id=1625"},"modified":"2026-03-24T15:32:00","modified_gmt":"2026-03-24T13:32:00","slug":"metal-siding","status":"publish","type":"page","link":"https:\/\/velisltd.com\/en\/metal-siding\/","title":{"rendered":"Metal Siding"},"content":{"rendered":"<div data-elementor-type=\"wp-page\" data-elementor-id=\"1625\" class=\"elementor elementor-1625\">\n\t\t\t\t\t\t\t<div class=\"elementor-element elementor-element-2be20b3 e-flex e-con-boxed e-con e-parent\" data-id=\"2be20b3\" data-element_type=\"container\" data-settings=\"{&quot;content_width&quot;:&quot;boxed&quot;}\" data-core-v316-plus=\"true\">\n\t\t\t\t\t<div class=\"e-con-inner\">\n\t\t<div class=\"elementor-element elementor-element-3c3a23c e-flex e-con-boxed e-con e-child\" data-id=\"3c3a23c\" data-element_type=\"container\" data-settings=\"{&quot;content_width&quot;:&quot;boxed&quot;}\">\n\t\t\t\t\t<div class=\"e-con-inner\">\n\t\t<div class=\"elementor-element elementor-element-1ae20a1 e-con-full e-flex e-con e-child\" data-id=\"1ae20a1\" data-element_type=\"container\" data-settings=\"{&quot;content_width&quot;:&quot;full&quot;}\">\n\t\t\t\t<div class=\"elementor-element elementor-element-b4f3372 elementor-widget elementor-widget-heading\" data-id=\"b4f3372\" data-element_type=\"widget\" data-widget_type=\"heading.default\">\n\t\t\t\t<div class=\"elementor-widget-container\">\n\t\t\t<style>\/*! elementor - v3.17.0 - 08-11-2023 *\/\n.elementor-heading-title{padding:0;margin:0;line-height:1}.elementor-widget-heading .elementor-heading-title[class*=elementor-size-]>a{color:inherit;font-size:inherit;line-height:inherit}.elementor-widget-heading .elementor-heading-title.elementor-size-small{font-size:15px}.elementor-widget-heading .elementor-heading-title.elementor-size-medium{font-size:19px}.elementor-widget-heading .elementor-heading-title.elementor-size-large{font-size:29px}.elementor-widget-heading .elementor-heading-title.elementor-size-xl{font-size:39px}.elementor-widget-heading .elementor-heading-title.elementor-size-xxl{font-size:59px}<\/style><h2 class=\"elementor-heading-title elementor-size-default\">METAL SIDING<\/h2>\t\t<\/div>\n\t\t\t\t<\/div>\n\t\t\t\t<div class=\"elementor-element elementor-element-eec62e8 elementor-tabs-view-horizontal elementor-widget elementor-widget-tabs\" data-id=\"eec62e8\" data-element_type=\"widget\" data-widget_type=\"tabs.default\">\n\t\t\t\t<div class=\"elementor-widget-container\">\n\t\t\t<style>\/*! elementor - v3.17.0 - 08-11-2023 *\/\n.elementor-widget-tabs.elementor-tabs-view-vertical .elementor-tabs-wrapper{width:25%;flex-shrink:0}.elementor-widget-tabs.elementor-tabs-view-vertical .elementor-tab-desktop-title.elementor-active{border-right-style:none}.elementor-widget-tabs.elementor-tabs-view-vertical .elementor-tab-desktop-title.elementor-active:after,.elementor-widget-tabs.elementor-tabs-view-vertical .elementor-tab-desktop-title.elementor-active:before{height:999em;width:0;right:0;border-right-style:solid}.elementor-widget-tabs.elementor-tabs-view-vertical .elementor-tab-desktop-title.elementor-active:before{top:0;transform:translateY(-100%)}.elementor-widget-tabs.elementor-tabs-view-vertical .elementor-tab-desktop-title.elementor-active:after{top:100%}.elementor-widget-tabs.elementor-tabs-view-horizontal .elementor-tab-desktop-title{display:table-cell}.elementor-widget-tabs.elementor-tabs-view-horizontal .elementor-tab-desktop-title.elementor-active{border-bottom-style:none}.elementor-widget-tabs.elementor-tabs-view-horizontal .elementor-tab-desktop-title.elementor-active:after,.elementor-widget-tabs.elementor-tabs-view-horizontal .elementor-tab-desktop-title.elementor-active:before{bottom:0;height:0;width:999em;border-bottom-style:solid}.elementor-widget-tabs.elementor-tabs-view-horizontal .elementor-tab-desktop-title.elementor-active:before{right:100%}.elementor-widget-tabs.elementor-tabs-view-horizontal .elementor-tab-desktop-title.elementor-active:after{left:100%}.elementor-widget-tabs .elementor-tab-content,.elementor-widget-tabs .elementor-tab-title,.elementor-widget-tabs .elementor-tab-title:after,.elementor-widget-tabs .elementor-tab-title:before,.elementor-widget-tabs .elementor-tabs-content-wrapper{border:1px #d5d8dc}.elementor-widget-tabs .elementor-tabs{text-align:left}.elementor-widget-tabs .elementor-tabs-wrapper{overflow:hidden}.elementor-widget-tabs .elementor-tab-title{cursor:pointer;outline:var(--focus-outline,none)}.elementor-widget-tabs .elementor-tab-desktop-title{position:relative;padding:20px 25px;font-weight:700;line-height:1;border:solid transparent}.elementor-widget-tabs .elementor-tab-desktop-title.elementor-active{border-color:#d5d8dc}.elementor-widget-tabs .elementor-tab-desktop-title.elementor-active:after,.elementor-widget-tabs .elementor-tab-desktop-title.elementor-active:before{display:block;content:\"\";position:absolute}.elementor-widget-tabs .elementor-tab-desktop-title:focus-visible{border:1px solid #000}.elementor-widget-tabs .elementor-tab-mobile-title{padding:10px;cursor:pointer}.elementor-widget-tabs .elementor-tab-content{padding:20px;display:none}@media (max-width:767px){.elementor-tabs .elementor-tab-content,.elementor-tabs .elementor-tab-title{border-style:solid solid none}.elementor-tabs .elementor-tabs-wrapper{display:none}.elementor-tabs .elementor-tabs-content-wrapper{border-bottom-style:solid}.elementor-tabs .elementor-tab-content{padding:10px}}@media (min-width:768px){.elementor-widget-tabs.elementor-tabs-view-vertical .elementor-tabs{display:flex}.elementor-widget-tabs.elementor-tabs-view-vertical .elementor-tabs-wrapper{flex-direction:column}.elementor-widget-tabs.elementor-tabs-view-vertical .elementor-tabs-content-wrapper{flex-grow:1;border-style:solid solid solid none}.elementor-widget-tabs.elementor-tabs-view-horizontal .elementor-tab-content{border-style:none solid solid}.elementor-widget-tabs.elementor-tabs-alignment-center .elementor-tabs-wrapper,.elementor-widget-tabs.elementor-tabs-alignment-end .elementor-tabs-wrapper,.elementor-widget-tabs.elementor-tabs-alignment-stretch .elementor-tabs-wrapper{display:flex}.elementor-widget-tabs.elementor-tabs-alignment-center .elementor-tabs-wrapper{justify-content:center}.elementor-widget-tabs.elementor-tabs-alignment-end .elementor-tabs-wrapper{justify-content:flex-end}.elementor-widget-tabs.elementor-tabs-alignment-stretch.elementor-tabs-view-horizontal .elementor-tab-title{width:100%}.elementor-widget-tabs.elementor-tabs-alignment-stretch.elementor-tabs-view-vertical .elementor-tab-title{height:100%}.elementor-tabs .elementor-tab-mobile-title{display:none}}<\/style>\t\t<div class=\"elementor-tabs\">\n\t\t\t<div class=\"elementor-tabs-wrapper\" role=\"tablist\" >\n\t\t\t\t\t\t\t\t\t<div id=\"elementor-tab-title-2501\" class=\"elementor-tab-title elementor-tab-desktop-title\" aria-selected=\"true\" data-tab=\"1\" role=\"tab\" tabindex=\"0\" aria-controls=\"elementor-tab-content-2501\" aria-expanded=\"false\">WHAT IS METAL SIDING?<\/div>\n\t\t\t\t\t\t\t<\/div>\n\t\t\t<div class=\"elementor-tabs-content-wrapper\" role=\"tablist\" aria-orientation=\"vertical\">\n\t\t\t\t\t\t\t\t\t<div class=\"elementor-tab-title elementor-tab-mobile-title\" aria-selected=\"true\" data-tab=\"1\" role=\"tab\" tabindex=\"0\" aria-controls=\"elementor-tab-content-2501\" aria-expanded=\"false\">WHAT IS METAL SIDING?<\/div>\n\t\t\t\t\t<div id=\"elementor-tab-content-2501\" class=\"elementor-tab-content elementor-clearfix\" data-tab=\"1\" role=\"tabpanel\" aria-labelledby=\"elementor-tab-title-2501\" tabindex=\"0\" hidden=\"false\"><p><\/p>\n<p><img fetchpriority=\"high\" decoding=\"async\" class=\"alignnone size-medium wp-image-1626\" src=\"http:\/\/velisltd.com\/wp-content\/uploads\/2024\/01\/metal-siding-1-234x300.jpg\" alt=\"\" width=\"234\" height=\"300\" title=\"\" srcset=\"\" sizes=\"(max-width: 234px) 100vw, 234px\" data-srcset=\"\" \/><\/p>\n<p>Metal siding entered the facade cladding sector towards the end of the 1960s, and its popularity and range of applications grew rapidly over the following four decades.<br>Its durability, versatile application ease, resistance to UV rays, impact resistance, rigid structure and the material's resilience against outdoor weather conditions are among the reasons it is preferred.<br>Metal siding is an exterior facade cladding that protects buildings from moisture, humidity, corrosion and similar effects, requires no painting or maintenance costs, extends the building's lifespan and adds aesthetic appeal throughout the building's life. Structures clad with American Siding require no painting or maintenance costs for the life of the building. American Siding protects your structures for years with a structure that never deforms even under the harshest conditions and colors that absolutely never fade.<br><strong>STANDARD COLOURS<\/strong><br>RAL9002, RAL1015, RAL6013, WOOD<\/p><\/div>\n\t\t\t\t\t\t\t<\/div>\n\t\t<\/div>\n\t\t\t\t<\/div>\n\t\t\t\t<\/div>\n\t\t\t\t<div class=\"elementor-element elementor-element-edaad96 gallery-spacing-custom elementor-widget elementor-widget-image-gallery\" data-id=\"edaad96\" data-element_type=\"widget\" data-widget_type=\"image-gallery.default\">\n\t\t\t\t<div class=\"elementor-widget-container\">\n\t\t\t<style>\/*! elementor - v3.17.0 - 08-11-2023 *\/\n.elementor-image-gallery .gallery-item{display:inline-block;text-align:center;vertical-align:top;width:100%;max-width:100%;margin:0 auto}.elementor-image-gallery .gallery-item img{margin:0 auto}.elementor-image-gallery .gallery-item .gallery-caption{margin:0}.elementor-image-gallery figure img{display:block}.elementor-image-gallery figure figcaption{width:100%}.gallery-spacing-custom .elementor-image-gallery .gallery-icon{padding:0}@media (min-width:768px){.elementor-image-gallery .gallery-columns-2 .gallery-item{max-width:50%}.elementor-image-gallery .gallery-columns-3 .gallery-item{max-width:33.33%}.elementor-image-gallery .gallery-columns-4 .gallery-item{max-width:25%}.elementor-image-gallery .gallery-columns-5 .gallery-item{max-width:20%}.elementor-image-gallery .gallery-columns-6 .gallery-item{max-width:16.666%}.elementor-image-gallery .gallery-columns-7 .gallery-item{max-width:14.28%}.elementor-image-gallery .gallery-columns-8 .gallery-item{max-width:12.5%}.elementor-image-gallery .gallery-columns-9 .gallery-item{max-width:11.11%}.elementor-image-gallery .gallery-columns-10 .gallery-item{max-width:10%}}@media (min-width:480px) and (max-width:767px){.elementor-image-gallery .gallery.gallery-columns-2 .gallery-item,.elementor-image-gallery .gallery.gallery-columns-3 .gallery-item,.elementor-image-gallery .gallery.gallery-columns-4 .gallery-item,.elementor-image-gallery .gallery.gallery-columns-5 .gallery-item,.elementor-image-gallery .gallery.gallery-columns-6 .gallery-item,.elementor-image-gallery .gallery.gallery-columns-7 .gallery-item,.elementor-image-gallery .gallery.gallery-columns-8 .gallery-item,.elementor-image-gallery .gallery.gallery-columns-9 .gallery-item,.elementor-image-gallery .gallery.gallery-columns-10 .gallery-item{max-width:50%}}@media (max-width:479px){.elementor-image-gallery .gallery.gallery-columns-2 .gallery-item,.elementor-image-gallery .gallery.gallery-columns-3 .gallery-item,.elementor-image-gallery .gallery.gallery-columns-4 .gallery-item,.elementor-image-gallery .gallery.gallery-columns-5 .gallery-item,.elementor-image-gallery .gallery.gallery-columns-6 .gallery-item,.elementor-image-gallery .gallery.gallery-columns-7 .gallery-item,.elementor-image-gallery .gallery.gallery-columns-8 .gallery-item,.elementor-image-gallery .gallery.gallery-columns-9 .gallery-item,.elementor-image-gallery .gallery.gallery-columns-10 .gallery-item{max-width:100%}}<\/style>\t\t<div class=\"elementor-image-gallery\">\n\t\t\t<div id='gallery-1' class='gallery galleryid-1625 gallery-columns-1 gallery-size-full'><figure class='gallery-item'>\n\t\t\t<div class='gallery-icon landscape'>\n\t\t\t\t<a data-elementor-open-lightbox=\"yes\" data-elementor-lightbox-slideshow=\"edaad96\" data-elementor-lightbox-title=\"Metal Siding Cephe\" data-elementor-lightbox-description=\"Metal Siding Cephe\" data-e-action-hash=\"#elementor-action%3Aaction%3Dlightbox%26settings%3DeyJpZCI6MTYyNywidXJsIjoiaHR0cHM6XC9cL3ZlbGlzbHRkLmNvbVwvd3AtY29udGVudFwvdXBsb2Fkc1wvMjAyNFwvMDFcL21ldGFsLXNpZGluZy0yLmpwZyIsInNsaWRlc2hvdyI6ImVkYWFkOTYifQ%3D%3D\" href='https:\/\/velisltd.com\/wp-content\/uploads\/2024\/01\/metal-siding-2.jpg'><img decoding=\"async\" width=\"1200\" height=\"663\" src=\"https:\/\/velisltd.com\/wp-content\/uploads\/2024\/01\/metal-siding-2.jpg\" class=\"attachment-full size-full\" alt=\"Metal siding cephe kaplama\" aria-describedby=\"gallery-1-1627\" srcset=\"https:\/\/velisltd.com\/wp-content\/uploads\/2024\/01\/metal-siding-2.jpg 1200w, https:\/\/velisltd.com\/wp-content\/uploads\/2024\/01\/metal-siding-2-300x166.jpg 300w, https:\/\/velisltd.com\/wp-content\/uploads\/2024\/01\/metal-siding-2-1024x566.jpg 1024w, https:\/\/velisltd.com\/wp-content\/uploads\/2024\/01\/metal-siding-2-768x424.jpg 768w, https:\/\/velisltd.com\/wp-content\/uploads\/2024\/01\/metal-siding-2-600x332.jpg 600w\" sizes=\"(max-width: 1200px) 100vw, 1200px\" title=\"\"><\/a>\n\t\t\t<\/div>\n\t\t\t\t<figcaption class='wp-caption-text gallery-caption' id='gallery-1-1627'>\n\t\t\t\tMetal Siding Cephe\n\t\t\t\t<\/figcaption><\/figure>\n\t\t<\/div>\n\t\t<\/div>\n\t\t\t\t<\/div>\n\t\t\t\t<\/div>\n\t\t\t\t<\/div>\n\t\t<div class=\"elementor-element elementor-element-b965e87 e-con-full e-flex e-con e-child\" data-id=\"b965e87\" data-element_type=\"container\" data-settings=\"{&quot;content_width&quot;:&quot;full&quot;}\">\n\t\t\t\t<div class=\"elementor-element elementor-element-f80d7e5 elementor-widget elementor-widget-sidebar\" data-id=\"f80d7e5\" data-element_type=\"widget\" data-widget_type=\"sidebar.default\">\n\t\t\t\t<div class=\"elementor-widget-container\">\n\t\t\t<div id=\"nav_menu-2\" class=\"service-widget sidebar-widget widget_nav_menu\"><h4 class=\"ltn__widget-title\">OUR PRODUCTS<\/h4><div class=\"menu-urunler-container\"><ul id=\"menu-urunler\" class=\"menu\"><li id=\"menu-item-1878\" class=\"menu-item menu-item-type-post_type menu-item-object-page menu-item-1878\"><a href=\"https:\/\/velisltd.com\/en\/sandvic-panel\/\">Sandwich Panel<\/a><\/li>\n<li id=\"menu-item-1875\" class=\"menu-item menu-item-type-post_type menu-item-object-page menu-item-1875\"><a href=\"https:\/\/velisltd.com\/en\/konteyner\/\">Container<\/a><\/li>\n<li id=\"menu-item-1879\" class=\"menu-item menu-item-type-post_type menu-item-object-page menu-item-1879\"><a href=\"https:\/\/velisltd.com\/en\/boru-profil\/\">Pipe &amp; Profile<\/a><\/li>\n<li id=\"menu-item-1877\" class=\"menu-item menu-item-type-post_type menu-item-object-page menu-item-1877\"><a href=\"https:\/\/velisltd.com\/en\/trapez-sac\/\">Trapezoidal Sheet<\/a><\/li>\n<li id=\"menu-item-1872\" class=\"menu-item menu-item-type-post_type menu-item-object-page menu-item-1872\"><a href=\"https:\/\/velisltd.com\/en\/eps-kopuk\/\">EPS Foam<\/a><\/li>\n<li id=\"menu-item-1873\" class=\"menu-item menu-item-type-post_type menu-item-object-page menu-item-1873\"><a href=\"https:\/\/velisltd.com\/en\/sove-dekorasyon\/\">Molding &amp; Decoration<\/a><\/li>\n<li id=\"menu-item-1869\" class=\"menu-item menu-item-type-post_type menu-item-object-page menu-item-1869\"><a href=\"https:\/\/velisltd.com\/en\/sarmal-kapi\/\">Rolling Door<\/a><\/li>\n<li id=\"menu-item-1876\" class=\"menu-item menu-item-type-post_type menu-item-object-page menu-item-1876\"><a href=\"https:\/\/velisltd.com\/en\/duz-levha-sac\/\">Flat Sheet Metal<\/a><\/li>\n<li id=\"menu-item-1874\" class=\"menu-item menu-item-type-post_type menu-item-object-page menu-item-1874\"><a href=\"https:\/\/velisltd.com\/en\/c-profili\/\">C \u2013 Profile<\/a><\/li>\n<li id=\"menu-item-1870\" class=\"menu-item menu-item-type-post_type menu-item-object-page menu-item-1870\"><a href=\"https:\/\/velisltd.com\/en\/celik-lento\/\">Steel Lintel<\/a><\/li>\n<li id=\"menu-item-1871\" class=\"menu-item menu-item-type-post_type menu-item-object-page menu-item-1871\"><a href=\"https:\/\/velisltd.com\/en\/metal-siding\/\">Metal Siding<\/a><\/li>\n<\/ul><\/div><\/div>\t\t<\/div>\n\t\t\t\t<\/div>\n\t\t\t\t<\/div>\n\t\t\t\t\t<\/div>\n\t\t\t\t<\/div>\n\t\t\t\t\t<\/div>\n\t\t\t\t<\/div>\n\t\t\t\t\t\t\t<\/div>","protected":false},"excerpt":{"rendered":"<p>METAL SIDING METAL SIDING NED\u0130R? METAL SIDING NED\u0130R? Metal siding,1960lar\u0131n sonuna do\u011fru cephe kaplama sekt\u00f6r\u00fcne giri\u015f yapm\u0131\u015f, ilerleyen k\u0131rk y\u0131l i\u00e7erisinde pop\u00fclerli\u011fi ve kullan\u0131m alan\u0131 h\u0131zla artm\u0131\u015ft\u0131r.Dayan\u0131kl\u0131l\u0131\u011f\u0131, \u00e7ok y\u00f6nl\u00fc uygulanabilme kolayl\u0131\u011f\u0131, Uv \u0131\u015f\u0131nlar\u0131na kar\u015f\u0131 dayan\u0131kl\u0131l\u0131\u011f\u0131, darbe dayan\u0131m\u0131, rijit yap\u0131s\u0131 ve malzemenin d\u0131\u015f hava ko\u015fullar\u0131na kar\u015f\u0131 diren\u00e7li olmas\u0131 tercih edilmesinin sebepleri aras\u0131ndad\u0131r.Metal siding binay\u0131 nem, rutubet, [&hellip;]<\/p>","protected":false},"author":3,"featured_media":0,"parent":0,"menu_order":0,"comment_status":"closed","ping_status":"closed","template":"tpl-default-elementor.php","meta":{"footnotes":""},"_links":{"self":[{"href":"https:\/\/velisltd.com\/en\/wp-json\/wp\/v2\/pages\/1625"}],"collection":[{"href":"https:\/\/velisltd.com\/en\/wp-json\/wp\/v2\/pages"}],"about":[{"href":"https:\/\/velisltd.com\/en\/wp-json\/wp\/v2\/types\/page"}],"author":[{"embeddable":true,"href":"https:\/\/velisltd.com\/en\/wp-json\/wp\/v2\/users\/3"}],"replies":[{"embeddable":true,"href":"https:\/\/velisltd.com\/en\/wp-json\/wp\/v2\/comments?post=1625"}],"version-history":[{"count":15,"href":"https:\/\/velisltd.com\/en\/wp-json\/wp\/v2\/pages\/1625\/revisions"}],"predecessor-version":[{"id":2028,"href":"https:\/\/velisltd.com\/en\/wp-json\/wp\/v2\/pages\/1625\/revisions\/2028"}],"wp:attachment":[{"href":"https:\/\/velisltd.com\/en\/wp-json\/wp\/v2\/media?parent=1625"}],"curies":[{"name":"wp","href":"https:\/\/api.w.org\/{rel}","templated":true}]}}