{"id":1659,"date":"2024-01-20T00:34:39","date_gmt":"2024-01-20T00:34:39","guid":{"rendered":"https:\/\/velisltd.com\/?page_id=1659"},"modified":"2026-03-24T15:32:51","modified_gmt":"2026-03-24T13:32:51","slug":"hakkimizda","status":"publish","type":"page","link":"https:\/\/velisltd.com\/en\/hakkimizda\/","title":{"rendered":"About Us"},"content":{"rendered":"<div data-elementor-type=\"wp-page\" data-elementor-id=\"1659\" class=\"elementor elementor-1659\">\n\t\t\t\t\t\t\t\t\t<section class=\"elementor-section elementor-top-section elementor-element elementor-element-f4c0519 elementor-section-full_width elementor-section-height-default elementor-section-height-default\" data-id=\"f4c0519\" data-element_type=\"section\">\n\t\t\t\t\t\t<div class=\"elementor-container elementor-column-gap-default\">\n\t\t\t\t\t<div class=\"elementor-column elementor-col-100 elementor-top-column elementor-element elementor-element-58d857a\" data-id=\"58d857a\" data-element_type=\"column\">\n\t\t\t<div class=\"elementor-widget-wrap elementor-element-populated\">\n\t\t\t\t\t\t\t\t<div class=\"elementor-element elementor-element-40a4745 elementor-widget elementor-widget-spero_about_us\" data-id=\"40a4745\" data-element_type=\"widget\" data-widget_type=\"spero_about_us.default\">\n\t\t\t\t<div class=\"elementor-widget-container\">\n\t\t\t    \n    <!-- ABOUT US AREA START -->\n    <div class=\"ltn__about-us-area  pb-120 pt-120\">\n        <div class=\"container\">\n            <div class=\"row\">\n                <div class=\"col-lg-6 align-self-center\">\n                                        <div class=\"about-us-img-wrap about-img-left\">\n                                                \n                        <img decoding=\"async\" src=\"https:\/\/velisltd.com\/wp-content\/uploads\/2024\/01\/velis-ltd-1.jpg\" alt=\"Awesome Image\" title=\"\">                        \n                                            <\/div>\n                                    <\/div>\n                <div class=\"col-lg-6 align-self-center\">\n                    <div class=\"about-us-info-wrap\">\n                                                <div class=\"section-title-area ltn__section-title-2\">\n                            <h6 class=\"section-subtitle ltn__secondary-color\"><span><i class=\"fas fa-square-full\"><\/i><\/span> VEL\u0130S Group<\/h6>                            <h2 class=\"section-title\">Velis Ticaret LTD\n- About Us<\/h2>                            <p>\nVelis Ticaret LTD, bringing together innovation and quality, continues to be a pioneer at every step.<\/p>                        <\/div>\n                                                                        <p>Velis Ticaret LTD, since its founding, has been bringing over 25 years of business experience and the high quality and standards delivered through Velis Traffic Centre to the construction sector, as well as to the national economy, society and international markets, since 2011.\nThe company, which continues to serve with a total of 9,000 m\u00b2 of production facilities, has brought Anti-rust Pipe &amp; Profile, Galvanized Pipe &amp; Profile, Galvanized Trapezoidal Sheet, Painted Trapezoidal Sheet, Sandwich Panel \u2013 Roof, Sandwich Panel \u2013 Facade, Structural Support Profiles, Containers, Metal Garden Fence Systems, EPS Foam, Molding &amp; Decoration, Rolling Doors, Steel Lintels, Rolling Garage Doors and more to the market according to customer requirements.<\/p>\n                                                <div class=\"about-author-info d-flex\">\n                            <div class=\"author-name-designation  align-self-center mr-30\">\n                                <!-- <h4 class=\"mb-0\">Jerry Henson<\/h4>\n                                <small>\/ Shop Director<\/small> -->\n                                                             <\/div>\n                                                    <\/div>\n                    <\/div>\n                <\/div>\n            <\/div>\n        <\/div>\n    <\/div>\n    <!-- ABOUT US AREA END -->                \n    \t\t<\/div>\n\t\t\t\t<\/div>\n\t\t\t\t\t<\/div>\n\t\t<\/div>\n\t\t\t\t\t\t\t<\/div>\n\t\t<\/section>\n\t\t\t\t<section class=\"elementor-section elementor-top-section elementor-element elementor-element-f37c80c elementor-section-full_width elementor-section-height-default elementor-section-height-default\" data-id=\"f37c80c\" data-element_type=\"section\">\n\t\t\t\t\t\t<div class=\"elementor-container elementor-column-gap-default\">\n\t\t\t\t\t<div class=\"elementor-column elementor-col-100 elementor-top-column elementor-element elementor-element-1e2eb4d\" data-id=\"1e2eb4d\" data-element_type=\"column\">\n\t\t\t<div class=\"elementor-widget-wrap elementor-element-populated\">\n\t\t\t\t\t\t\t\t<div class=\"elementor-element elementor-element-e19ec61 elementor-widget elementor-widget-spero_working_process\" data-id=\"e19ec61\" data-element_type=\"widget\" data-widget_type=\"spero_working_process.default\">\n\t\t\t\t<div class=\"elementor-widget-container\">\n\t\t\t\n\n<!-- FEATURE AREA START ( Feature - 6) -->\n    <div class=\"ltn__feature-area bg-image-top pt-120 pb-35---\" data-bg=\"\">\n        <div class=\"container\">\n            <div class=\"row bg-white pt-75 plr--5\">\n                <div class=\"col-lg-12\">\n                    <div class=\"row\">\n                        <div class=\"col-lg-12\">\n                                                        <div class=\"section-title-area ltn__section-title-2 text-center\">\n                                <h6 class=\"section-subtitle ltn__secondary-color\"><span><i class=\"fas fa-square-full\"><\/i><\/span> OUR PRODUCTION PROCESS<\/h6>                                <h2 class=\"section-title\">How Do We Work?<\/h2>                            <\/div>\n                                                    <\/div>\n                    <\/div>\n                    <div class=\"row justify-content-center\">\n                                            <div class=\"col-lg-4 col-sm-6 col-12\">\n                            <div class=\"ltn__feature-item ltn__feature-item-10 text-center\">\n                                <div class=\"ltn__feature-icon\">\n                                    <span>01<\/span>\n                                <\/div>\n                                <div class=\"ltn__feature-info\">\n                                    <h3><a href=\"\">Needs Assessment<\/a><\/h3>\n                                    <p>The first step of our production process begins with thoroughly understanding our customers' needs. We collaborate with our expert team to identify customer requirements and project specifications. At this stage, we work in close communication with our customers to gather detailed information about the types of materials to be used, dimensions and other specifications.<\/p>\n                                <\/div>\n                            <\/div>\n                        <\/div>\n                                                <div class=\"col-lg-4 col-sm-6 col-12\">\n                            <div class=\"ltn__feature-item ltn__feature-item-10 text-center\">\n                                <div class=\"ltn__feature-icon\">\n                                    <span>02<\/span>\n                                <\/div>\n                                <div class=\"ltn__feature-info\">\n                                    <h3><a href=\"\">Project Development<\/a><\/h3>\n                                    <p>Our expert consultants work to provide tailored solutions that meet our customers' expectations. By combining technology and innovation, we establish the technical details of the project. At this stage, we stay in constant communication with our customers about project details, so we develop solutions that fully meet their expectations.<\/p>\n                                <\/div>\n                            <\/div>\n                        <\/div>\n                                                <div class=\"col-lg-4 col-sm-6 col-12\">\n                            <div class=\"ltn__feature-item ltn__feature-item-10 text-center\">\n                                <div class=\"ltn__feature-icon\">\n                                    <span>03<\/span>\n                                <\/div>\n                                <div class=\"ltn__feature-info\">\n                                    <h3><a href=\"\">Production Start<\/a><\/h3>\n                                    <p>We manufacture products at our modern facilities in compliance with high quality standards. At this stage, we target sustainable production using the most up-to-date manufacturing techniques in the industry and environmentally friendly materials. At the conclusion of our production process, we contribute to the success of our customers' projects by delivering our products on time and reliably.<\/p>\n                                <\/div>\n                            <\/div>\n                        <\/div>\n                                            <\/div>\n                <\/div>\n            <\/div>\n        <\/div>\n    <\/div>\n    <!-- FEATURE AREA END -->\n\t\t\n    \t\t<\/div>\n\t\t\t\t<\/div>\n\t\t\t\t\t<\/div>\n\t\t<\/div>\n\t\t\t\t\t\t\t<\/div>\n\t\t<\/section>\n\t\t\t\t<section class=\"elementor-section elementor-top-section elementor-element elementor-element-159a31b elementor-section-full_width elementor-section-height-default elementor-section-height-default\" data-id=\"159a31b\" data-element_type=\"section\">\n\t\t\t\t\t\t<div class=\"elementor-container elementor-column-gap-default\">\n\t\t\t\t\t<div class=\"elementor-column elementor-col-100 elementor-top-column elementor-element elementor-element-4e85974\" data-id=\"4e85974\" data-element_type=\"column\">\n\t\t\t<div class=\"elementor-widget-wrap elementor-element-populated\">\n\t\t\t\t\t\t\t\t<div class=\"elementor-element elementor-element-cf76b05 elementor-widget elementor-widget-spero_testimonials_v2\" data-id=\"cf76b05\" data-element_type=\"widget\" data-widget_type=\"spero_testimonials_v2.default\">\n\t\t\t\t<div class=\"elementor-widget-container\">\n\t\t\t    \r\n    <!-- TESTIMONIAL AREA START (testimonial-8) -->\r\n    <div class=\"ltn__testimonial-area section-bg-1--- pt-120 pb-70\">\r\n        <div class=\"container\">\r\n            <div class=\"row\">\r\n                <div class=\"col-lg-12\">\r\n                                        <div class=\"section-title-area ltn__section-title-2 text-center\">\r\n                        <h6 class=\"section-subtitle ltn__secondary-color\"><span><i class=\"fas fa-square-full\"><\/i><\/span> Customer Testimonials<\/h6>                        <h2 class=\"section-title\">Your feedback matters to us<\/h2>                    <\/div>\r\n                                    <\/div>\r\n            <\/div>\r\n            <div class=\"row ltn__testimonial-slider-6-active slick-arrow-1\">\r\n            \t                <div class=\"col-lg-4\">\r\n                    <div class=\"ltn__testimonial-item ltn__testimonial-item-7 ltn__testimonial-item-8\">\r\n                        <div class=\"ltn__testimoni-info\">\r\n                            <div class=\"ltn__testimoni-author-ratting\">\r\n                                <div class=\"ltn__testimoni-info-inner\">\r\n                                    <div class=\"ltn__testimoni-img\">\r\n                                                                            <\/div>\r\n                                    <div class=\"ltn__testimoni-name-designation\">\r\n                                        <h5>Ebru G\u00fcrsoy<\/h5>\r\n                                        <label>Production Manager<\/label>\r\n                                    <\/div>\r\n                                <\/div>\r\n                                <div class=\"ltn__testimoni-rating\">\r\n                                    <div class=\"product-ratting\">\r\n                                        <ul>\r\n                                            <li><i class=\"fas fa-star-half-alt\"><\/i><\/li><li><i class=\"fas fa-star-half-alt\"><\/i><\/li><li><i class=\"fas fa-star-half-alt\"><\/i><\/li><li><i class=\"fas fa-star-half-alt\"><\/i><\/li><li><i class=\"fas fa-star-half-alt\"><\/i><\/li>                                        <\/ul>\r\n                                    <\/div>\r\n                                <\/div>\r\n                            <\/div>\r\n                            <p>Velis LTD is a team that handles their work professionally. Their attention to detail throughout the project management process and their quick responses made our work much easier. Thank you for the collaboration.<\/p>\r\n                        <\/div>\r\n                    <\/div>\r\n                <\/div>\r\n                                 <div class=\"col-lg-4\">\r\n                    <div class=\"ltn__testimonial-item ltn__testimonial-item-7 ltn__testimonial-item-8\">\r\n                        <div class=\"ltn__testimoni-info\">\r\n                            <div class=\"ltn__testimoni-author-ratting\">\r\n                                <div class=\"ltn__testimoni-info-inner\">\r\n                                    <div class=\"ltn__testimoni-img\">\r\n                                                                            <\/div>\r\n                                    <div class=\"ltn__testimoni-name-designation\">\r\n                                        <h5>Hayri Sak\u0131n<\/h5>\r\n                                        <label>Production Manager<\/label>\r\n                                    <\/div>\r\n                                <\/div>\r\n                                <div class=\"ltn__testimoni-rating\">\r\n                                    <div class=\"product-ratting\">\r\n                                        <ul>\r\n                                            <li><i class=\"fas fa-star-half-alt\"><\/i><\/li><li><i class=\"fas fa-star-half-alt\"><\/i><\/li><li><i class=\"fas fa-star-half-alt\"><\/i><\/li><li><i class=\"fas fa-star-half-alt\"><\/i><\/li><li><i class=\"fas fa-star-half-alt\"><\/i><\/li>                                        <\/ul>\r\n                                    <\/div>\r\n                                <\/div>\r\n                            <\/div>\r\n                            <p>Velis LTD ensured the success of our project with their transparent communication and thorough planning at every stage. Thank you for your reliability and quality service approach.<\/p>\r\n                        <\/div>\r\n                    <\/div>\r\n                <\/div>\r\n                                 <div class=\"col-lg-4\">\r\n                    <div class=\"ltn__testimonial-item ltn__testimonial-item-7 ltn__testimonial-item-8\">\r\n                        <div class=\"ltn__testimoni-info\">\r\n                            <div class=\"ltn__testimoni-author-ratting\">\r\n                                <div class=\"ltn__testimoni-info-inner\">\r\n                                    <div class=\"ltn__testimoni-img\">\r\n                                                                            <\/div>\r\n                                    <div class=\"ltn__testimoni-name-designation\">\r\n                                        <h5>Ahmet Y\u0131lmaz<\/h5>\r\n                                        <label>Purchasing Manager<\/label>\r\n                                    <\/div>\r\n                                <\/div>\r\n                                <div class=\"ltn__testimoni-rating\">\r\n                                    <div class=\"product-ratting\">\r\n                                        <ul>\r\n                                            <li><i class=\"fas fa-star-half-alt\"><\/i><\/li><li><i class=\"fas fa-star-half-alt\"><\/i><\/li><li><i class=\"fas fa-star-half-alt\"><\/i><\/li><li><i class=\"fas fa-star-half-alt\"><\/i><\/li><li><i class=\"fas fa-star-half-alt\"><\/i><\/li>                                        <\/ul>\r\n                                    <\/div>\r\n                                <\/div>\r\n                            <\/div>\r\n                            <p>Velis LTD exceeded our expectations with the services they provided. With their expert team and quality service approach, they have always been a reliable business partner.<\/p>\r\n                        <\/div>\r\n                    <\/div>\r\n                <\/div>\r\n                                 <div class=\"col-lg-4\">\r\n                    <div class=\"ltn__testimonial-item ltn__testimonial-item-7 ltn__testimonial-item-8\">\r\n                        <div class=\"ltn__testimoni-info\">\r\n                            <div class=\"ltn__testimoni-author-ratting\">\r\n                                <div class=\"ltn__testimoni-info-inner\">\r\n                                    <div class=\"ltn__testimoni-img\">\r\n                                                                            <\/div>\r\n                                    <div class=\"ltn__testimoni-name-designation\">\r\n                                        <h5>Ay\u015fe Ayd\u0131n<\/h5>\r\n                                        <label>Manager<\/label>\r\n                                    <\/div>\r\n                                <\/div>\r\n                                <div class=\"ltn__testimoni-rating\">\r\n                                    <div class=\"product-ratting\">\r\n                                        <ul>\r\n                                            <li><i class=\"fas fa-star-half-alt\"><\/i><\/li><li><i class=\"fas fa-star-half-alt\"><\/i><\/li><li><i class=\"fas fa-star-half-alt\"><\/i><\/li><li><i class=\"fas fa-star-half-alt\"><\/i><\/li><li><i class=\"fas fa-star-half-alt\"><\/i><\/li>                                        <\/ul>\r\n                                    <\/div>\r\n                                <\/div>\r\n                            <\/div>\r\n                            <p>Velis Ticaret LTD added great value to our construction sector projects through our collaboration. With their high-quality products and professional services, Velis Ticaret LTD proves its leadership in the construction sector at every step. With their innovative solutions and over 25 years of experience, Velis ...<\/p>\r\n                        <\/div>\r\n                    <\/div>\r\n                <\/div>\r\n                                 <!--  -->\r\n            <\/div>\r\n        <\/div>\r\n    <\/div>\r\n    <!-- TESTIMONIAL AREA END -->\r\n            \r\n\t\t\t<\/div>\n\t\t\t\t<\/div>\n\t\t\t\t\t<\/div>\n\t\t<\/div>\n\t\t\t\t\t\t\t<\/div>\n\t\t<\/section>\n\t\t\t\t\t\t\t<\/div>","protected":false},"excerpt":{"rendered":"<p>VEL\u0130S Group Velis Ticaret LTD &#8211; Hakk\u0131m\u0131zda \u0130novasyon ve kaliteyi bulu\u015fturan Velis Ticaret LTD, her ad\u0131mda \u00f6nc\u00fc olmaya devam ediyor. Velis Ticaret LTD, kuruldu\u011fu g\u00fcnden bu yana, 25 y\u0131l\u0131 a\u015fk\u0131n i\u015f tecr\u00fcbesi ve Velis Traffic Centre ile sundu\u011fu y\u00fcksek kalite ve standartlarda hizmet ve \u00fcretimi, 2011 y\u0131l\u0131 itibar\u0131 ile in\u015faat sekt\u00f6r\u00fcnde de, \u00fclke ekonomisi, toplum [&hellip;]<\/p>","protected":false},"author":3,"featured_media":0,"parent":0,"menu_order":0,"comment_status":"closed","ping_status":"closed","template":"tpl-default-elementor.php","meta":{"footnotes":""},"_links":{"self":[{"href":"https:\/\/velisltd.com\/en\/wp-json\/wp\/v2\/pages\/1659"}],"collection":[{"href":"https:\/\/velisltd.com\/en\/wp-json\/wp\/v2\/pages"}],"about":[{"href":"https:\/\/velisltd.com\/en\/wp-json\/wp\/v2\/types\/page"}],"author":[{"embeddable":true,"href":"https:\/\/velisltd.com\/en\/wp-json\/wp\/v2\/users\/3"}],"replies":[{"embeddable":true,"href":"https:\/\/velisltd.com\/en\/wp-json\/wp\/v2\/comments?post=1659"}],"version-history":[{"count":116,"href":"https:\/\/velisltd.com\/en\/wp-json\/wp\/v2\/pages\/1659\/revisions"}],"predecessor-version":[{"id":3054,"href":"https:\/\/velisltd.com\/en\/wp-json\/wp\/v2\/pages\/1659\/revisions\/3054"}],"wp:attachment":[{"href":"https:\/\/velisltd.com\/en\/wp-json\/wp\/v2\/media?parent=1659"}],"curies":[{"name":"wp","href":"https:\/\/api.w.org\/{rel}","templated":true}]}}