{"id":2173,"date":"2024-01-25T00:41:32","date_gmt":"2024-01-25T00:41:32","guid":{"rendered":"https:\/\/velisltd.com\/?page_id=2173"},"modified":"2026-03-24T15:33:12","modified_gmt":"2026-03-24T13:33:12","slug":"sss","status":"publish","type":"page","link":"https:\/\/velisltd.com\/en\/sss\/","title":{"rendered":"Frequently Asked Questions"},"content":{"rendered":"<div data-elementor-type=\"wp-page\" data-elementor-id=\"2173\" class=\"elementor elementor-2173\">\n\t\t\t\t\t\t\t\t\t<section class=\"elementor-section elementor-top-section elementor-element elementor-element-8bcfdec elementor-section-full_width elementor-section-height-default elementor-section-height-default\" data-id=\"8bcfdec\" data-element_type=\"section\">\n\t\t\t\t\t\t<div class=\"elementor-container elementor-column-gap-default\">\n\t\t\t\t\t<div class=\"elementor-column elementor-col-100 elementor-top-column elementor-element elementor-element-85582e0\" data-id=\"85582e0\" data-element_type=\"column\">\n\t\t\t<div class=\"elementor-widget-wrap elementor-element-populated\">\n\t\t\t\t\t\t\t\t<div class=\"elementor-element elementor-element-af1cb62 elementor-widget elementor-widget-spero_faq\" data-id=\"af1cb62\" data-element_type=\"widget\" data-widget_type=\"spero_faq.default\">\n\t\t\t\t<div class=\"elementor-widget-container\">\n\t\t\t\t\n    <!-- FAQ AREA START (faq-2) (ID > accordion_2) -->\n    <div class=\"ltn__faq-area mb-100 pt-120\">\n        <div class=\"container\">\n            <div class=\"row\">\n                <div class=\"col-lg-8\">\n                    <div class=\"ltn__faq-inner ltn__faq-inner-2 accordion-box\">\n                        <div id=\"accordion_2\">\n                                                        <!-- card -->\n                            <div class=\"card accordion block\">\n                                                                <h6 class=\"ltn__card-title acc-btn\"> \n                                    What are the delivery times?                                <\/h6>\n                                                                \n                                <div class=\"acc-content\">\n                                    <div class=\"card-body\">\n                                                                                <p>Delivery times vary depending on the size of the order and the stock availability of the products. We generally strive to ensure fast and regular deliveries.<\/p>\n                                    <\/div>\n                                <\/div>\n                            <\/div>                          \n                            <!-- card -->\n                                                        <!-- card -->\n                            <div class=\"card accordion block active-block\">\n                                                                <h6 class=\"ltn__card-title acc-btn active\"> \n                                    What is your return and exchange policy?                                <\/h6>\n                                                                \n                                <div class=\"acc-content current\">\n                                    <div class=\"card-body\">\n                                                                                <p>We offer returns and exchanges for damaged or defective products.<\/p>\n                                    <\/div>\n                                <\/div>\n                            <\/div>                          \n                            <!-- card -->\n                                                        <!-- card -->\n                            <div class=\"card accordion block\">\n                                                                <h6 class=\"ltn__card-title acc-btn\"> \n                                    What is the warranty period for your products?                                <\/h6>\n                                                                \n                                <div class=\"acc-content\">\n                                    <div class=\"card-body\">\n                                                                                <p>Since our products are manufactured in compliance with quality standards, they generally come with a specific warranty period. Please contact us for warranty terms on a per-product basis.<\/p>\n                                    <\/div>\n                                <\/div>\n                            <\/div>                          \n                            <!-- card -->\n                                                        <!-- card -->\n                            <div class=\"card accordion block\">\n                                                                <h6 class=\"ltn__card-title acc-btn\"> \n                                    What is your sustainability policy?                                <\/h6>\n                                                                \n                                <div class=\"acc-content\">\n                                    <div class=\"card-body\">\n                                                                                <p>We strive to minimise our environmental impact by using eco-friendly materials and adopting a sustainable production philosophy. Please contact us to learn more about our sustainability policy.<\/p>\n                                    <\/div>\n                                <\/div>\n                            <\/div>                          \n                            <!-- card -->\n                                                        <!-- card -->\n                            <div class=\"card accordion block\">\n                                                                <h6 class=\"ltn__card-title acc-btn\"> \n                                    Do you provide production solutions for special projects?                                <\/h6>\n                                                                \n                                <div class=\"acc-content\">\n                                    <div class=\"card-body\">\n                                                                                <p>We offer custom production solutions tailored to customer needs. Please contact us for solutions specific to your project requirements.<\/p>\n                                    <\/div>\n                                <\/div>\n                            <\/div>                          \n                            <!-- card -->\n                             \n                        <\/div>\n                        <div class=\"need-support text-center mt-100\">\n                            <h2>Do not hesitate to ask us any questions. Get in touch now.<\/h2>                           \t                            <div class=\"btn-wrapper mb-30\">\n                                <a href=\"https:\/\/velisltd.com\/en\/iletisim\/\" class=\"theme-btn-1 btn\">Contact<\/a>\n                            <\/div>\n                                                        <h3><i class=\"fas fa-phone\"><\/i> 0392 232 5151<\/h3>                        <\/div>\n                    <\/div>\n                <\/div>\n                <div class=\"col-lg-4\">\n                    <aside class=\"sidebar-area ltn__right-sidebar\">\n                                                <!-- Newsletter Widget -->\n                        <div class=\"widget ltn__search-widget ltn__newsletter-widget\">                            \n                            <h6 class=\"ltn__widget-sub-title\">info@velisltd.com<\/h6>                            <h4 class=\"ltn__widget-title\">Email<\/h4>                            \n\t\t\t\t\t\t\t                            \n                            <div class=\"ltn__newsletter-bg-icon\">\n                                <i class=\"fas fa-envelope-open-text\"><\/i>\n                            <\/div>\n                        <\/div>\n                                                \n                                                <!-- Banner Widget -->\n                        <div class=\"widget ltn__banner-widget\">\n                            <a href=\"https:\/\/velisltd.com\/en\/hakkimizda\/\"><img decoding=\"async\" src=\"https:\/\/velisltd.com\/wp-content\/uploads\/2024\/01\/velis-ltd-1.jpg\" alt=\"Awesome Image\" title=\"\"><\/a>\n                        <\/div>\n                                            <\/aside>\n                <\/div>\n            <\/div>\n        <\/div>\n    <\/div>\n    <!-- FAQ AREA START -->\n          \n    \t\t<\/div>\n\t\t\t\t<\/div>\n\t\t\t\t\t<\/div>\n\t\t<\/div>\n\t\t\t\t\t\t\t<\/div>\n\t\t<\/section>\n\t\t\t\t\t\t\t<\/div>","protected":false},"excerpt":{"rendered":"<p>Teslimat s\u00fcreleri nedir? Teslimat s\u00fcreleri, sipari\u015fin b\u00fcy\u00fckl\u00fc\u011f\u00fc ve \u00fcr\u00fcnlerin stok durumuna ba\u011fl\u0131 olarak de\u011fi\u015fiklik g\u00f6sterir. Genellikle h\u0131zl\u0131 ve d\u00fczenli teslimatlar sa\u011flamaya \u00f6zen g\u00f6steriyoruz. \u00dcr\u00fcn iade ve de\u011fi\u015fim politikan\u0131z nedir? Hasarl\u0131 veya hatal\u0131 \u00fcr\u00fcnler i\u00e7in iade ve de\u011fi\u015fim imkan\u0131 sunuyoruz. \u00dcr\u00fcnlerinizin garanti s\u00fcresi nedir? \u00dcr\u00fcnlerimiz kalite standartlar\u0131na uygun olarak \u00fcretildi\u011fi i\u00e7in genellikle belirli bir garanti s\u00fcresine [&hellip;]<\/p>","protected":false},"author":3,"featured_media":0,"parent":0,"menu_order":0,"comment_status":"closed","ping_status":"closed","template":"tpl-default-elementor.php","meta":{"footnotes":""},"_links":{"self":[{"href":"https:\/\/velisltd.com\/en\/wp-json\/wp\/v2\/pages\/2173"}],"collection":[{"href":"https:\/\/velisltd.com\/en\/wp-json\/wp\/v2\/pages"}],"about":[{"href":"https:\/\/velisltd.com\/en\/wp-json\/wp\/v2\/types\/page"}],"author":[{"embeddable":true,"href":"https:\/\/velisltd.com\/en\/wp-json\/wp\/v2\/users\/3"}],"replies":[{"embeddable":true,"href":"https:\/\/velisltd.com\/en\/wp-json\/wp\/v2\/comments?post=2173"}],"version-history":[{"count":14,"href":"https:\/\/velisltd.com\/en\/wp-json\/wp\/v2\/pages\/2173\/revisions"}],"predecessor-version":[{"id":2205,"href":"https:\/\/velisltd.com\/en\/wp-json\/wp\/v2\/pages\/2173\/revisions\/2205"}],"wp:attachment":[{"href":"https:\/\/velisltd.com\/en\/wp-json\/wp\/v2\/media?parent=2173"}],"curies":[{"name":"wp","href":"https:\/\/api.w.org\/{rel}","templated":true}]}}