{"id":2633,"date":"2024-03-25T01:17:01","date_gmt":"2024-03-25T01:17:01","guid":{"rendered":"https:\/\/velisltd.com\/?page_id=2633"},"modified":"2026-03-24T15:32:21","modified_gmt":"2026-03-24T13:32:21","slug":"bahce-cit-sistemleri","status":"publish","type":"page","link":"https:\/\/velisltd.com\/en\/bahce-cit-sistemleri\/","title":{"rendered":"Garden Fence Systems"},"content":{"rendered":"<div data-elementor-type=\"wp-page\" data-elementor-id=\"2633\" class=\"elementor elementor-2633\">\n\t\t\t\t\t\t\t<div class=\"elementor-element elementor-element-0f538ba e-flex e-con-boxed e-con e-parent\" data-id=\"0f538ba\" data-element_type=\"container\" data-settings=\"{&quot;content_width&quot;:&quot;boxed&quot;}\" data-core-v316-plus=\"true\">\n\t\t\t\t\t<div class=\"e-con-inner\">\n\t\t<div class=\"elementor-element elementor-element-92d371b e-flex e-con-boxed e-con e-child\" data-id=\"92d371b\" data-element_type=\"container\" data-settings=\"{&quot;content_width&quot;:&quot;boxed&quot;}\">\n\t\t\t\t\t<div class=\"e-con-inner\">\n\t\t<div class=\"elementor-element elementor-element-b1a3df1 e-flex e-con-boxed e-con e-child\" data-id=\"b1a3df1\" data-element_type=\"container\" data-settings=\"{&quot;content_width&quot;:&quot;boxed&quot;}\">\n\t\t\t\t\t<div class=\"e-con-inner\">\n\t\t<div class=\"elementor-element elementor-element-16fbf86 e-flex e-con-boxed e-con e-child\" data-id=\"16fbf86\" data-element_type=\"container\" data-settings=\"{&quot;content_width&quot;:&quot;boxed&quot;}\">\n\t\t\t\t\t<div class=\"e-con-inner\">\n\t\t\t\t<div class=\"elementor-element elementor-element-ff0510b elementor-widget elementor-widget-image\" data-id=\"ff0510b\" data-element_type=\"widget\" data-widget_type=\"image.default\">\n\t\t\t\t<div class=\"elementor-widget-container\">\n\t\t\t<style>\/*! elementor - v3.17.0 - 08-11-2023 *\/\n.elementor-widget-image{text-align:center}.elementor-widget-image a{display:inline-block}.elementor-widget-image a img[src$=\".svg\"]{width:48px}.elementor-widget-image img{vertical-align:middle;display:inline-block}<\/style>\t\t\t\t\t\t\t\t\t\t\t\t<img fetchpriority=\"high\" decoding=\"async\" width=\"600\" height=\"357\" src=\"https:\/\/velisltd.com\/wp-content\/uploads\/woocommerce-placeholder-600x357.png\" class=\"attachment-spero_600x357 size-spero_600x357 wp-image-10\" alt=\"\u00f6rnek\" title=\"\">\t\t\t\t\t\t\t\t\t\t\t\t\t\t\t<\/div>\n\t\t\t\t<\/div>\n\t\t\t\t<div class=\"elementor-element elementor-element-1366dbf elementor-widget elementor-widget-heading\" data-id=\"1366dbf\" data-element_type=\"widget\" data-widget_type=\"heading.default\">\n\t\t\t\t<div class=\"elementor-widget-container\">\n\t\t\t<style>\/*! elementor - v3.17.0 - 08-11-2023 *\/\n.elementor-heading-title{padding:0;margin:0;line-height:1}.elementor-widget-heading .elementor-heading-title[class*=elementor-size-]>a{color:inherit;font-size:inherit;line-height:inherit}.elementor-widget-heading .elementor-heading-title.elementor-size-small{font-size:15px}.elementor-widget-heading .elementor-heading-title.elementor-size-medium{font-size:19px}.elementor-widget-heading .elementor-heading-title.elementor-size-large{font-size:29px}.elementor-widget-heading .elementor-heading-title.elementor-size-xl{font-size:39px}.elementor-widget-heading .elementor-heading-title.elementor-size-xxl{font-size:59px}<\/style><h2 class=\"elementor-heading-title elementor-size-default\">1MM x 120MM Overlapping<\/h2>\t\t<\/div>\n\t\t\t\t<\/div>\n\t\t\t\t\t<\/div>\n\t\t\t\t<\/div>\n\t\t<div class=\"elementor-element elementor-element-3b5f73a e-flex e-con-boxed e-con e-child\" data-id=\"3b5f73a\" data-element_type=\"container\" data-settings=\"{&quot;content_width&quot;:&quot;boxed&quot;}\">\n\t\t\t\t\t<div class=\"e-con-inner\">\n\t\t\t\t<div class=\"elementor-element elementor-element-7d315ca elementor-widget elementor-widget-image\" data-id=\"7d315ca\" data-element_type=\"widget\" data-widget_type=\"image.default\">\n\t\t\t\t<div class=\"elementor-widget-container\">\n\t\t\t\t\t\t\t\t\t\t\t\t\t\t\t<img decoding=\"async\" width=\"600\" height=\"357\" src=\"https:\/\/velisltd.com\/wp-content\/uploads\/2024\/01\/otomatik-kapi-sistemi-4-600x357.jpg\" class=\"attachment-spero_600x357 size-spero_600x357 wp-image-1644\" alt=\"Otomatik Kap\u0131 Sistemi\" title=\"\">\t\t\t\t\t\t\t\t\t\t\t\t\t\t\t<\/div>\n\t\t\t\t<\/div>\n\t\t\t\t<div class=\"elementor-element elementor-element-19b76ab elementor-widget elementor-widget-heading\" data-id=\"19b76ab\" data-element_type=\"widget\" data-widget_type=\"heading.default\">\n\t\t\t\t<div class=\"elementor-widget-container\">\n\t\t\t<h2 class=\"elementor-heading-title elementor-size-default\">0.5 x 200MM Overlapping<\/h2>\t\t<\/div>\n\t\t\t\t<\/div>\n\t\t\t\t\t<\/div>\n\t\t\t\t<\/div>\n\t\t<div class=\"elementor-element elementor-element-a72a6e0 e-flex e-con-boxed e-con e-child\" data-id=\"a72a6e0\" data-element_type=\"container\" data-settings=\"{&quot;content_width&quot;:&quot;boxed&quot;}\">\n\t\t\t\t\t<div class=\"e-con-inner\">\n\t\t\t\t<div class=\"elementor-element elementor-element-25c8853 elementor-widget elementor-widget-image\" data-id=\"25c8853\" data-element_type=\"widget\" data-widget_type=\"image.default\">\n\t\t\t\t<div class=\"elementor-widget-container\">\n\t\t\t\t\t\t\t\t\t\t\t\t\t\t\t<img decoding=\"async\" width=\"600\" height=\"357\" src=\"https:\/\/velisltd.com\/wp-content\/uploads\/2024\/01\/otomatik-kapi-sistemi-4-600x357.jpg\" class=\"attachment-spero_600x357 size-spero_600x357 wp-image-1644\" alt=\"Otomatik Kap\u0131 Sistemi\" title=\"\">\t\t\t\t\t\t\t\t\t\t\t\t\t\t\t<\/div>\n\t\t\t\t<\/div>\n\t\t\t\t<div class=\"elementor-element elementor-element-65d793c elementor-widget elementor-widget-heading\" data-id=\"65d793c\" data-element_type=\"widget\" data-widget_type=\"heading.default\">\n\t\t\t\t<div class=\"elementor-widget-container\">\n\t\t\t<h2 class=\"elementor-heading-title elementor-size-default\">1.5MM Laser Cut<\/h2>\t\t<\/div>\n\t\t\t\t<\/div>\n\t\t\t\t\t<\/div>\n\t\t\t\t<\/div>\n\t\t\t\t\t<\/div>\n\t\t\t\t<\/div>\n\t\t\t\t\t<\/div>\n\t\t\t\t<\/div>\n\t\t<div class=\"elementor-element elementor-element-7a21bb0 e-flex e-con-boxed e-con e-child\" data-id=\"7a21bb0\" data-element_type=\"container\" data-settings=\"{&quot;content_width&quot;:&quot;boxed&quot;}\">\n\t\t\t\t\t<div class=\"e-con-inner\">\n\t\t<div class=\"elementor-element elementor-element-152904c e-con-full e-flex e-con e-child\" data-id=\"152904c\" data-element_type=\"container\" data-settings=\"{&quot;content_width&quot;:&quot;full&quot;}\">\n\t\t\t\t<div class=\"elementor-element elementor-element-57aae27 elementor-widget elementor-widget-heading\" data-id=\"57aae27\" data-element_type=\"widget\" data-widget_type=\"heading.default\">\n\t\t\t\t<div class=\"elementor-widget-container\">\n\t\t\t<h2 class=\"elementor-heading-title elementor-size-default\">GARDEN FENCE SYSTEMS<\/h2>\t\t<\/div>\n\t\t\t\t<\/div>\n\t\t\t\t<\/div>\n\t\t<div class=\"elementor-element elementor-element-750dc71 e-con-full e-flex e-con e-child\" data-id=\"750dc71\" data-element_type=\"container\" data-settings=\"{&quot;content_width&quot;:&quot;full&quot;}\">\n\t\t\t\t<div class=\"elementor-element elementor-element-0669410 elementor-widget elementor-widget-sidebar\" data-id=\"0669410\" data-element_type=\"widget\" data-widget_type=\"sidebar.default\">\n\t\t\t\t<div class=\"elementor-widget-container\">\n\t\t\t<div id=\"nav_menu-2\" class=\"service-widget sidebar-widget widget_nav_menu\"><h4 class=\"ltn__widget-title\">OUR PRODUCTS<\/h4><div class=\"menu-urunler-container\"><ul id=\"menu-urunler\" class=\"menu\"><li id=\"menu-item-1878\" class=\"menu-item menu-item-type-post_type menu-item-object-page menu-item-1878\"><a href=\"https:\/\/velisltd.com\/en\/sandvic-panel\/\">Sandwich Panel<\/a><\/li>\n<li id=\"menu-item-1875\" class=\"menu-item menu-item-type-post_type menu-item-object-page menu-item-1875\"><a href=\"https:\/\/velisltd.com\/en\/konteyner\/\">Container<\/a><\/li>\n<li id=\"menu-item-1879\" class=\"menu-item menu-item-type-post_type menu-item-object-page menu-item-1879\"><a href=\"https:\/\/velisltd.com\/en\/boru-profil\/\">Pipe &amp; Profile<\/a><\/li>\n<li id=\"menu-item-1877\" class=\"menu-item menu-item-type-post_type menu-item-object-page menu-item-1877\"><a href=\"https:\/\/velisltd.com\/en\/trapez-sac\/\">Trapezoidal Sheet<\/a><\/li>\n<li id=\"menu-item-1872\" class=\"menu-item menu-item-type-post_type menu-item-object-page menu-item-1872\"><a href=\"https:\/\/velisltd.com\/en\/eps-kopuk\/\">EPS Foam<\/a><\/li>\n<li id=\"menu-item-1873\" class=\"menu-item menu-item-type-post_type menu-item-object-page menu-item-1873\"><a href=\"https:\/\/velisltd.com\/en\/sove-dekorasyon\/\">Molding &amp; Decoration<\/a><\/li>\n<li id=\"menu-item-1869\" class=\"menu-item menu-item-type-post_type menu-item-object-page menu-item-1869\"><a href=\"https:\/\/velisltd.com\/en\/sarmal-kapi\/\">Rolling Door<\/a><\/li>\n<li id=\"menu-item-1876\" class=\"menu-item menu-item-type-post_type menu-item-object-page menu-item-1876\"><a href=\"https:\/\/velisltd.com\/en\/duz-levha-sac\/\">Flat Sheet Metal<\/a><\/li>\n<li id=\"menu-item-1874\" class=\"menu-item menu-item-type-post_type menu-item-object-page menu-item-1874\"><a href=\"https:\/\/velisltd.com\/en\/c-profili\/\">C \u2013 Profile<\/a><\/li>\n<li id=\"menu-item-1870\" class=\"menu-item menu-item-type-post_type menu-item-object-page menu-item-1870\"><a href=\"https:\/\/velisltd.com\/en\/celik-lento\/\">Steel Lintel<\/a><\/li>\n<li id=\"menu-item-1871\" class=\"menu-item menu-item-type-post_type menu-item-object-page menu-item-1871\"><a href=\"https:\/\/velisltd.com\/en\/metal-siding\/\">Metal Siding<\/a><\/li>\n<\/ul><\/div><\/div>\t\t<\/div>\n\t\t\t\t<\/div>\n\t\t\t\t<\/div>\n\t\t\t\t\t<\/div>\n\t\t\t\t<\/div>\n\t\t\t\t\t<\/div>\n\t\t\t\t<\/div>\n\t\t\t\t\t\t\t<\/div>","protected":false},"excerpt":{"rendered":"<p>1MM x 120MM \u015ear\u015f\u0131rtmal\u0131 0.5 x 200MM \u015ear\u015f\u0131rtmal\u0131 1.5MM Lazer Kesim BAH\u00c7E \u00c7\u0130T S\u0130STEMLER\u0130<\/p>","protected":false},"author":3,"featured_media":0,"parent":0,"menu_order":0,"comment_status":"closed","ping_status":"closed","template":"tpl-default-elementor.php","meta":{"footnotes":""},"_links":{"self":[{"href":"https:\/\/velisltd.com\/en\/wp-json\/wp\/v2\/pages\/2633"}],"collection":[{"href":"https:\/\/velisltd.com\/en\/wp-json\/wp\/v2\/pages"}],"about":[{"href":"https:\/\/velisltd.com\/en\/wp-json\/wp\/v2\/types\/page"}],"author":[{"embeddable":true,"href":"https:\/\/velisltd.com\/en\/wp-json\/wp\/v2\/users\/3"}],"replies":[{"embeddable":true,"href":"https:\/\/velisltd.com\/en\/wp-json\/wp\/v2\/comments?post=2633"}],"version-history":[{"count":7,"href":"https:\/\/velisltd.com\/en\/wp-json\/wp\/v2\/pages\/2633\/revisions"}],"predecessor-version":[{"id":2641,"href":"https:\/\/velisltd.com\/en\/wp-json\/wp\/v2\/pages\/2633\/revisions\/2641"}],"wp:attachment":[{"href":"https:\/\/velisltd.com\/en\/wp-json\/wp\/v2\/media?parent=2633"}],"curies":[{"name":"wp","href":"https:\/\/api.w.org\/{rel}","templated":true}]}}