{"id":379,"date":"2022-07-25T10:34:07","date_gmt":"2022-07-25T09:34:07","guid":{"rendered":"https:\/\/themexriver.com\/wp\/spero\/?page_id=379"},"modified":"2026-03-24T15:33:22","modified_gmt":"2026-03-24T13:33:22","slug":"urunlerimiz","status":"publish","type":"page","link":"https:\/\/velisltd.com\/en\/urunlerimiz\/","title":{"rendered":"Our Products"},"content":{"rendered":"<div data-elementor-type=\"wp-page\" data-elementor-id=\"379\" class=\"elementor elementor-379\">\n\t\t\t\t\t\t\t\t\t<section class=\"elementor-section elementor-top-section elementor-element elementor-element-9ac22e4 elementor-section-full_width elementor-section-height-default elementor-section-height-default\" data-id=\"9ac22e4\" data-element_type=\"section\">\n\t\t\t\t\t\t<div class=\"elementor-container elementor-column-gap-default\">\n\t\t\t\t\t<div class=\"elementor-column elementor-col-100 elementor-top-column elementor-element elementor-element-cbf8e6d\" data-id=\"cbf8e6d\" data-element_type=\"column\">\n\t\t\t<div class=\"elementor-widget-wrap elementor-element-populated\">\n\t\t\t\t\t\t\t\t<div class=\"elementor-element elementor-element-6b37a67 elementor-widget elementor-widget-spero_services_v2\" data-id=\"6b37a67\" data-element_type=\"widget\" data-widget_type=\"spero_services_v2.default\">\n\t\t\t\t<div class=\"elementor-widget-container\">\n\t\t\t\r\n\r\n\t<!-- FEATURE START -->\r\n    <div class=\"ltn__feature-area section-bg-1--- pt-120 pb-90\"  data-bg=\"\">\r\n        <div class=\"container\">\r\n            <div class=\"row\">\r\n                <div class=\"col-lg-12\">\r\n                                        <div class=\"section-title-area ltn__section-title-2 text-center\">\r\n                        <h6 class=\"section-subtitle ltn__secondary-color\"><span><i class=\"fas fa-square-full\"><\/i><\/span> OUR PRODUCTS<\/h6>                        <h2 class=\"section-title\">INDUSTRIAL SOLUTIONS<\/h2>                    <\/div>\r\n                                    <\/div>\r\n            <\/div>\r\n            <div class=\"row align-self-center\">\r\n                            <div class=\"col-lg-4 col-sm-6\">                            \r\n                    <div class=\"ltn__feature-item ltn__feature-item-6 box-shadow-1\">\r\n                        <div class=\"ltn__feature-icon\">\r\n                            <span><i class=\"fa fa-square\"><\/i><\/span>\r\n                        <\/div>\r\n                        <div class=\"ltn__feature-info\">\r\n                            <h3><a href=\"https:\/\/velisltd.com\/en\/duz-levha-sac\/\">Flat Sheet Metal<\/a><\/h3>\r\n                            <p>Application Areas: Automotive Industry \/ White Goods Industry \/ Insulation and Cladding ...<\/p>\r\n                            <a class=\"ltn__service-btn ltn__service-btn-2\" href=\"https:\/\/velisltd.com\/en\/duz-levha-sac\/\">Service Details <i class=\"flaticon-right-arrow\"><\/i><\/a>\r\n                        <\/div>\r\n                    <\/div>\r\n                <\/div>\r\n                                <div class=\"col-lg-4 col-sm-6\">                            \r\n                    <div class=\"ltn__feature-item ltn__feature-item-6 box-shadow-1\">\r\n                        <div class=\"ltn__feature-icon\">\r\n                            <span><i class=\"fa fa-store-alt\"><\/i><\/span>\r\n                        <\/div>\r\n                        <div class=\"ltn__feature-info\">\r\n                            <h3><a href=\"https:\/\/velisltd.com\/en\/konteyner\/\">Container<\/a><\/h3>\r\n                            <p>Polystyrene-filled corrugated sandwich panel with 60 mm insulation thickness + 35 mm ...<\/p>\r\n                            <a class=\"ltn__service-btn ltn__service-btn-2\" href=\"https:\/\/velisltd.com\/en\/konteyner\/\">Service Details <i class=\"flaticon-right-arrow\"><\/i><\/a>\r\n                        <\/div>\r\n                    <\/div>\r\n                <\/div>\r\n                                <div class=\"col-lg-4 col-sm-6\">                            \r\n                    <div class=\"ltn__feature-item ltn__feature-item-6 box-shadow-1\">\r\n                        <div class=\"ltn__feature-icon\">\r\n                            <span><i class=\"fa fa-map\"><\/i><\/span>\r\n                        <\/div>\r\n                        <div class=\"ltn__feature-info\">\r\n                            <h3><a href=\"https:\/\/velisltd.com\/en\/trapez-sac\/\">Trapezoidal Sheet<\/a><\/h3>\r\n                            <p>Since production is carried out according to customer project specifications, installation is achieved with zero material waste ...<\/p>\r\n                            <a class=\"ltn__service-btn ltn__service-btn-2\" href=\"https:\/\/velisltd.com\/en\/trapez-sac\/\">Service Details <i class=\"flaticon-right-arrow\"><\/i><\/a>\r\n                        <\/div>\r\n                    <\/div>\r\n                <\/div>\r\n                                <div class=\"col-lg-4 col-sm-6\">                            \r\n                    <div class=\"ltn__feature-item ltn__feature-item-6 box-shadow-1\">\r\n                        <div class=\"ltn__feature-icon\">\r\n                            <span><i class=\"fa fa-layer-group\"><\/i><\/span>\r\n                        <\/div>\r\n                        <div class=\"ltn__feature-info\">\r\n                            <h3><a href=\"https:\/\/velisltd.com\/en\/sandvic-panel\/\">Sandwich Panel<\/a><\/h3>\r\n                            <p>Sandwich Panel, manufactured by applying insulation material between two layers of painted galvanized sheet or aluminium plate ...<\/p>\r\n                            <a class=\"ltn__service-btn ltn__service-btn-2\" href=\"https:\/\/velisltd.com\/en\/sandvic-panel\/\">Service Details <i class=\"flaticon-right-arrow\"><\/i><\/a>\r\n                        <\/div>\r\n                    <\/div>\r\n                <\/div>\r\n                                <div class=\"col-lg-4 col-sm-6\">                            \r\n                    <div class=\"ltn__feature-item ltn__feature-item-6 box-shadow-1\">\r\n                        <div class=\"ltn__feature-icon\">\r\n                            <span><i class=\"fa fa-chevron-left\"><\/i><\/span>\r\n                        <\/div>\r\n                        <div class=\"ltn__feature-info\">\r\n                            <h3><a href=\"https:\/\/velisltd.com\/en\/c-profili\/\">C-Profile<\/a><\/h3>\r\n                            <p>C Profiles, used as purlin and girt profiles, are produced on a continuous forming line ...<\/p>\r\n                            <a class=\"ltn__service-btn ltn__service-btn-2\" href=\"https:\/\/velisltd.com\/en\/c-profili\/\">Service Details <i class=\"flaticon-right-arrow\"><\/i><\/a>\r\n                        <\/div>\r\n                    <\/div>\r\n                <\/div>\r\n                                <div class=\"col-lg-4 col-sm-6\">                            \r\n                    <div class=\"ltn__feature-item ltn__feature-item-6 box-shadow-1\">\r\n                        <div class=\"ltn__feature-icon\">\r\n                            <span><i class=\"fa fa-grip-horizontal\"><\/i><\/span>\r\n                        <\/div>\r\n                        <div class=\"ltn__feature-info\">\r\n                            <h3><a href=\"https:\/\/velisltd.com\/en\/demir-profil\/\">Steel Profile<\/a><\/h3>\r\n                            <p>Round, Square and Rectangular Box Profiles \u2014 Velis LTD TS 5317\/DIN ...<\/p>\r\n                            <a class=\"ltn__service-btn ltn__service-btn-2\" href=\"https:\/\/velisltd.com\/en\/demir-profil\/\">Service Details <i class=\"flaticon-right-arrow\"><\/i><\/a>\r\n                        <\/div>\r\n                    <\/div>\r\n                <\/div>\r\n                                <div class=\"col-lg-4 col-sm-6\">                            \r\n                    <div class=\"ltn__feature-item ltn__feature-item-6 box-shadow-1\">\r\n                        <div class=\"ltn__feature-icon\">\r\n                            <span><i class=\"icon flaticon-house-2\"><\/i><\/span>\r\n                        <\/div>\r\n                        <div class=\"ltn__feature-info\">\r\n                            <h3><a href=\"https:\/\/velisltd.com\/en\/sove-kaplama\/\">EPS Molding Cladding<\/a><\/h3>\r\n                            <p>Molding (s\u00f6ve) is broadly the name given to decorative profiles applied to the edges of windows and doors ...<\/p>\r\n                            <a class=\"ltn__service-btn ltn__service-btn-2\" href=\"https:\/\/velisltd.com\/en\/sove-kaplama\/\">Service Details <i class=\"flaticon-right-arrow\"><\/i><\/a>\r\n                        <\/div>\r\n                    <\/div>\r\n                <\/div>\r\n                                <div class=\"col-lg-4 col-sm-6\">                            \r\n                    <div class=\"ltn__feature-item ltn__feature-item-6 box-shadow-1\">\r\n                        <div class=\"ltn__feature-icon\">\r\n                            <span><i class=\"icon flaticon-home-3\"><\/i><\/span>\r\n                        <\/div>\r\n                        <div class=\"ltn__feature-info\">\r\n                            <h3><a href=\"https:\/\/velisltd.com\/en\/eps\/\">EPS<\/a><\/h3>\r\n                            <p>Thermal Styrofoam \u2014 all of our products are manufactured in our Velis LTD facilities using steam pressure ...<\/p>\r\n                            <a class=\"ltn__service-btn ltn__service-btn-2\" href=\"https:\/\/velisltd.com\/en\/eps\/\">Service Details <i class=\"flaticon-right-arrow\"><\/i><\/a>\r\n                        <\/div>\r\n                    <\/div>\r\n                <\/div>\r\n                                <div class=\"col-lg-4 col-sm-6\">                            \r\n                    <div class=\"ltn__feature-item ltn__feature-item-6 box-shadow-1\">\r\n                        <div class=\"ltn__feature-icon\">\r\n                            <span><i class=\"fa fa-bars\"><\/i><\/span>\r\n                        <\/div>\r\n                        <div class=\"ltn__feature-info\">\r\n                            <h3><a href=\"https:\/\/velisltd.com\/en\/celik-lento\/\">Steel Lintel<\/a><\/h3>\r\n                            <p>Steel lintels increase buildings' resistance to vibration and seismic activity and are a well-established construction material ...<\/p>\r\n                            <a class=\"ltn__service-btn ltn__service-btn-2\" href=\"https:\/\/velisltd.com\/en\/celik-lento\/\">Service Details <i class=\"flaticon-right-arrow\"><\/i><\/a>\r\n                        <\/div>\r\n                    <\/div>\r\n                <\/div>\r\n                                <div class=\"col-lg-4 col-sm-6\">                            \r\n                    <div class=\"ltn__feature-item ltn__feature-item-6 box-shadow-1\">\r\n                        <div class=\"ltn__feature-icon\">\r\n                            <span><i class=\"icon flaticon-garage-1\"><\/i><\/span>\r\n                        <\/div>\r\n                        <div class=\"ltn__feature-info\">\r\n                            <h3><a href=\"https:\/\/velisltd.com\/en\/otomatik-kapi-sistemleri\/\">Otomatik Kapi Sistemleri<\/a><\/h3>\r\n                            <p>Can be manufactured to suit various architectural designs, with ...<\/p>\r\n                            <a class=\"ltn__service-btn ltn__service-btn-2\" href=\"https:\/\/velisltd.com\/en\/otomatik-kapi-sistemleri\/\">Service Details <i class=\"flaticon-right-arrow\"><\/i><\/a>\r\n                        <\/div>\r\n                    <\/div>\r\n                <\/div>\r\n                            <\/div>\r\n        <\/div>\r\n    <\/div>\r\n    <!-- FEATURE END -->\r\n  \r\n\t\t\t<\/div>\n\t\t\t\t<\/div>\n\t\t\t\t\t<\/div>\n\t\t<\/div>\n\t\t\t\t\t\t\t<\/div>\n\t\t<\/section>\n\t\t\t\t<section class=\"elementor-section elementor-top-section elementor-element elementor-element-9a5df93 elementor-section-full_width elementor-section-height-default elementor-section-height-default\" data-id=\"9a5df93\" data-element_type=\"section\">\n\t\t\t\t\t\t<div class=\"elementor-container elementor-column-gap-default\">\n\t\t\t\t\t<div class=\"elementor-column elementor-col-100 elementor-top-column elementor-element elementor-element-7c0d303\" data-id=\"7c0d303\" data-element_type=\"column\">\n\t\t\t<div class=\"elementor-widget-wrap elementor-element-populated\">\n\t\t\t\t\t\t\t\t<div class=\"elementor-element elementor-element-b30a30a elementor-widget elementor-widget-spero_call_out_v4\" data-id=\"b30a30a\" data-element_type=\"widget\" data-widget_type=\"spero_call_out_v4.default\">\n\t\t\t\t<div class=\"elementor-widget-container\">\n\t\t\t    \n    <!-- CALL TO ACTION START (call-to-action-6) -->\n    <div class=\"ltn__call-to-action-area call-to-action-6 before-bg-bottom---\">\n        <div class=\"container\">\n            <div class=\"row\">\n                <div class=\"col-lg-12\">\n                    <div class=\"call-to-action-inner call-to-action-inner-6 ltn__secondary-bg text-center---\">\n                                                <div class=\"coll-to-info text-color-white\">\n                            <h2>Contact Us for Your Special Projects and Production Requirements.<\/h2>                            <p>As a company, we are pleased to serve you for special projects and custom production requirements beyond our standard product range. If you need a special design, custom dimensions or a product with unique specifications, please do not hesitate to contact us.<\/p>                        <\/div>\n                                                                        <div class=\"btn-wrapper\">\n                            <a class=\"btn btn-effect-3 btn-white\" href=\"https:\/\/velisltd.com\/en\/iletisim\/\">Contact <i class=\"icon-next\"><\/i><\/a>\n                        <\/div>\n                                            <\/div>\n                <\/div>\n            <\/div>\n        <\/div>\n    <\/div>\n    <!-- CALL TO ACTION END -->\n        \n    \t\t<\/div>\n\t\t\t\t<\/div>\n\t\t\t\t\t<\/div>\n\t\t<\/div>\n\t\t\t\t\t\t\t<\/div>\n\t\t<\/section>\n\t\t\t\t\t\t\t<\/div>","protected":false},"excerpt":{"rendered":"<p>\u00dcR\u00dcNLER\u0130M\u0130Z END\u00dcSTR\u0130YEL \u00c7\u00d6Z\u00dcMLER D\u00fcz Levha Sac Kullanim Alanlari Otomotiv Sanayii Beyaz E\u015fya Sanayi \u0130zolasyon ve Kaplama \u0130\u015flemleri Havaland\u0131rma ve \u0130klimlendirme Tesisleri Termosifon, Soba ve Boru \u00dcretimi Su ve Akaryak\u0131t Depolar\u0131 \u00dcretimi Service Details Konteyner Polistiren dolgulu shadveli sandvi\u00e7 panel izolasyon kal\u0131nl\u0131\u011f\u0131 60mm + 35mm hadve kal\u0131nl\u0131\u011f\u0131 sandvi\u0307\u00e7 panelleri\u0307n \u00f6n ve arka al\u0131n kapaklar\u0131 olacakt\u0131r. Service [&hellip;]<\/p>","protected":false},"author":1,"featured_media":0,"parent":0,"menu_order":0,"comment_status":"closed","ping_status":"closed","template":"tpl-default-elementor.php","meta":{"footnotes":""},"_links":{"self":[{"href":"https:\/\/velisltd.com\/en\/wp-json\/wp\/v2\/pages\/379"}],"collection":[{"href":"https:\/\/velisltd.com\/en\/wp-json\/wp\/v2\/pages"}],"about":[{"href":"https:\/\/velisltd.com\/en\/wp-json\/wp\/v2\/types\/page"}],"author":[{"embeddable":true,"href":"https:\/\/velisltd.com\/en\/wp-json\/wp\/v2\/users\/1"}],"replies":[{"embeddable":true,"href":"https:\/\/velisltd.com\/en\/wp-json\/wp\/v2\/comments?post=379"}],"version-history":[{"count":21,"href":"https:\/\/velisltd.com\/en\/wp-json\/wp\/v2\/pages\/379\/revisions"}],"predecessor-version":[{"id":3094,"href":"https:\/\/velisltd.com\/en\/wp-json\/wp\/v2\/pages\/379\/revisions\/3094"}],"wp:attachment":[{"href":"https:\/\/velisltd.com\/en\/wp-json\/wp\/v2\/media?parent=379"}],"curies":[{"name":"wp","href":"https:\/\/api.w.org\/{rel}","templated":true}]}}